{"id":37684,"date":"2026-01-27T17:50:26","date_gmt":"2026-01-27T17:50:26","guid":{"rendered":"https:\/\/www.deporteseli.com\/?product=sudadera-con-capucha-champion-american"},"modified":"2026-01-27T17:50:28","modified_gmt":"2026-01-27T17:50:28","slug":"sudadera-con-capucha-champion-american","status":"publish","type":"product","link":"https:\/\/www.deporteseli.com\/?product=sudadera-con-capucha-champion-american","title":{"rendered":"SUDADERA CON CAPUCHA CHAMPION AMERICAN"},"content":{"rendered":"<p>La sudadera con capucha Champion American logo para mujer est\u00e1 inspirada en el estilo urbano y la ropa deportiva. Cuenta con una capucha ajustable mediante un cord\u00f3n, los pu\u00f1os y los bajos son acanalados y tiene un bolsillo de canguro en la parte delantera.    Caracter\u00edsticas:  &#8211; Capucha ajustable con cord\u00f3n  &#8211; Pu\u00f1os y bajos acanalados  &#8211; Bolsillo de canguro  &#8211; Logo de la marca en la parte frontal                                                                                                                                                                                                                                                                                                                                                                                                                                                                                                                                                                                                                                                                                                                                                                                                                                                                                                                                                                                                                                        <\/p>\n","protected":false},"excerpt":{"rendered":"<p>SUDADERA CON CAPUCHA CHAMPION AMERICAN<\/p>\n","protected":false},"featured_media":52124,"template":"","meta":[],"product_brand":[],"product_cat":[279],"product_tag":[51],"class_list":{"0":"post-37684","1":"product","2":"type-product","3":"status-publish","4":"has-post-thumbnail","6":"product_cat-mujer_textil_sudaderas","7":"product_tag-champion","8":"pa_color-unico","9":"pa_talla-l","10":"pa_talla-m","11":"thunk-woo-product-list","12":"opn-qv-enable","13":"open-woo-hover-","14":"open-single-product-tab-horizontal","15":"open-shadow-","16":"open-shadow-hover-","18":"first","19":"instock","20":"shipping-taxable","21":"purchasable","22":"product-type-variable"},"jetpack_sharing_enabled":true,"_links":{"self":[{"href":"https:\/\/www.deporteseli.com\/index.php?rest_route=\/wp\/v2\/product\/37684","targetHints":{"allow":["GET"]}}],"collection":[{"href":"https:\/\/www.deporteseli.com\/index.php?rest_route=\/wp\/v2\/product"}],"about":[{"href":"https:\/\/www.deporteseli.com\/index.php?rest_route=\/wp\/v2\/types\/product"}],"wp:featuredmedia":[{"embeddable":true,"href":"https:\/\/www.deporteseli.com\/index.php?rest_route=\/wp\/v2\/media\/52124"}],"wp:attachment":[{"href":"https:\/\/www.deporteseli.com\/index.php?rest_route=%2Fwp%2Fv2%2Fmedia&parent=37684"}],"wp:term":[{"taxonomy":"product_brand","embeddable":true,"href":"https:\/\/www.deporteseli.com\/index.php?rest_route=%2Fwp%2Fv2%2Fproduct_brand&post=37684"},{"taxonomy":"product_cat","embeddable":true,"href":"https:\/\/www.deporteseli.com\/index.php?rest_route=%2Fwp%2Fv2%2Fproduct_cat&post=37684"},{"taxonomy":"product_tag","embeddable":true,"href":"https:\/\/www.deporteseli.com\/index.php?rest_route=%2Fwp%2Fv2%2Fproduct_tag&post=37684"}],"curies":[{"name":"wp","href":"https:\/\/api.w.org\/{rel}","templated":true}]}}