{"id":37679,"date":"2026-01-27T17:50:19","date_gmt":"2026-01-27T17:50:19","guid":{"rendered":"https:\/\/www.deporteseli.com\/?product=puma-%c2%b7-mallas-essentials-logo"},"modified":"2026-01-27T17:50:25","modified_gmt":"2026-01-27T17:50:25","slug":"puma-%c2%b7-mallas-essentials-logo","status":"publish","type":"product","link":"https:\/\/www.deporteseli.com\/?product=puma-%c2%b7-mallas-essentials-logo","title":{"rendered":"PUMA \u00b7 MALLAS ESSENTIALS   LOGO"},"content":{"rendered":"<p>Un esencial del guardarropa de los chicos cool. Ponte a tono con estos Leggings Essentials  Logo. Un gr\u00e1fico met\u00e1lico rodea el tobillo izquierdo, y el ajuste ce\u00f1ido con una suave cintura el\u00e1stica se ve y se siente muy bien. Tanto si haces ejercicio como si te relajas, hazlo al m\u00e1s puro estilo PUMA.  Ajuste estrecho  Longitud completa  Suave cintura el\u00e1stica  Estampado met\u00e1lico del logotipo PUMA n\u00ba 1 rodeando el tobillo izquierdo                                                                                                                                                                                                                                                                                                                                                                                                                                                                                                                                                                                                                                                                                                                                                                                                                                                                                                                                                                                                                                        <\/p>\n","protected":false},"excerpt":{"rendered":"<p>PUMA \u00b7 MALLAS ESSENTIALS   LOGO<\/p>\n","protected":false},"featured_media":52120,"template":"","meta":[],"product_brand":[],"product_cat":[386],"product_tag":[32],"class_list":{"0":"post-37679","1":"product","2":"type-product","3":"status-publish","4":"has-post-thumbnail","6":"product_cat-ninas_textil_mallas","7":"product_tag-puma","8":"pa_color-unico","9":"pa_talla-t-12","10":"pa_talla-t-14","11":"pa_talla-t-16","12":"pa_talla-t-6","13":"thunk-woo-product-list","14":"opn-qv-enable","15":"open-woo-hover-","16":"open-single-product-tab-horizontal","17":"open-shadow-","18":"open-shadow-hover-","20":"first","21":"instock","22":"shipping-taxable","23":"purchasable","24":"product-type-variable"},"jetpack_sharing_enabled":true,"_links":{"self":[{"href":"https:\/\/www.deporteseli.com\/index.php?rest_route=\/wp\/v2\/product\/37679","targetHints":{"allow":["GET"]}}],"collection":[{"href":"https:\/\/www.deporteseli.com\/index.php?rest_route=\/wp\/v2\/product"}],"about":[{"href":"https:\/\/www.deporteseli.com\/index.php?rest_route=\/wp\/v2\/types\/product"}],"wp:featuredmedia":[{"embeddable":true,"href":"https:\/\/www.deporteseli.com\/index.php?rest_route=\/wp\/v2\/media\/52120"}],"wp:attachment":[{"href":"https:\/\/www.deporteseli.com\/index.php?rest_route=%2Fwp%2Fv2%2Fmedia&parent=37679"}],"wp:term":[{"taxonomy":"product_brand","embeddable":true,"href":"https:\/\/www.deporteseli.com\/index.php?rest_route=%2Fwp%2Fv2%2Fproduct_brand&post=37679"},{"taxonomy":"product_cat","embeddable":true,"href":"https:\/\/www.deporteseli.com\/index.php?rest_route=%2Fwp%2Fv2%2Fproduct_cat&post=37679"},{"taxonomy":"product_tag","embeddable":true,"href":"https:\/\/www.deporteseli.com\/index.php?rest_route=%2Fwp%2Fv2%2Fproduct_tag&post=37679"}],"curies":[{"name":"wp","href":"https:\/\/api.w.org\/{rel}","templated":true}]}}