{"id":37677,"date":"2026-01-27T17:50:15","date_gmt":"2026-01-27T17:50:15","guid":{"rendered":"https:\/\/www.deporteseli.com\/?product=sudadera-con-capucha-y-cremallera-2"},"modified":"2026-01-27T17:50:17","modified_gmt":"2026-01-27T17:50:17","slug":"sudadera-con-capucha-y-cremallera-2","status":"publish","type":"product","link":"https:\/\/www.deporteseli.com\/?product=sudadera-con-capucha-y-cremallera-2","title":{"rendered":"SUDADERA CON CAPUCHA Y CREMALLERA"},"content":{"rendered":"<p>Mu\u00e9strale al mundo qui\u00e9n es el gato alfa. Esta deslumbrante sudadera con capucha viene con un extravagante estampado de leopardo por toda la prenda, para la diva salvaje que no hace concesiones. Ya sea que est\u00e9s en la calle o relaj\u00e1ndote en casa, dale sabor a tu ropa de sal\u00f3n con un giro intr\u00e9pido en el look deportivo de sudadera.      CARACTER\u00cdSTICAS Y BENEFICIOS  Contenido reciclado: Fabricado con al menos un 20 % de material reciclado como un paso hacia un futuro mejor  Algod\u00f3n: el algod\u00f3n en los productos PUMA proviene de granjas que se enfocan en la agricultura sostenible, como la eficiencia del agua y la protecci\u00f3n de la salud del suelo. M\u00e1s informaci\u00f3n: https:\/\/about.puma.com\/forever-better  DETALLES  Corte normal  Capucha con forro de jersey  Cierre con cremallera completa  Bolsillos laterales estilo canguro  Estampado de goma del logotipo PUMA No. 1 en el lado izquierdo del pecho                                                                                                                                                                                                                                                                                                                                                                                                                                                                                                                                                                                                                                                                                                                                                                                                                                                                                                                                                                                                                                        <\/p>\n","protected":false},"excerpt":{"rendered":"<p>SUDADERA CON CAPUCHA Y CREMALLERA<\/p>\n","protected":false},"featured_media":52116,"template":"","meta":[],"product_brand":[],"product_cat":[384],"product_tag":[32],"class_list":{"0":"post-37677","1":"product","2":"type-product","3":"status-publish","4":"has-post-thumbnail","6":"product_cat-ninas_textil_sudaderas","7":"product_tag-puma","8":"pa_color-unico","9":"pa_talla-t-8","10":"thunk-woo-product-list","11":"opn-qv-enable","12":"open-woo-hover-","13":"open-single-product-tab-horizontal","14":"open-shadow-","15":"open-shadow-hover-","17":"first","18":"instock","19":"shipping-taxable","20":"purchasable","21":"product-type-variable"},"jetpack_sharing_enabled":true,"_links":{"self":[{"href":"https:\/\/www.deporteseli.com\/index.php?rest_route=\/wp\/v2\/product\/37677","targetHints":{"allow":["GET"]}}],"collection":[{"href":"https:\/\/www.deporteseli.com\/index.php?rest_route=\/wp\/v2\/product"}],"about":[{"href":"https:\/\/www.deporteseli.com\/index.php?rest_route=\/wp\/v2\/types\/product"}],"wp:featuredmedia":[{"embeddable":true,"href":"https:\/\/www.deporteseli.com\/index.php?rest_route=\/wp\/v2\/media\/52116"}],"wp:attachment":[{"href":"https:\/\/www.deporteseli.com\/index.php?rest_route=%2Fwp%2Fv2%2Fmedia&parent=37677"}],"wp:term":[{"taxonomy":"product_brand","embeddable":true,"href":"https:\/\/www.deporteseli.com\/index.php?rest_route=%2Fwp%2Fv2%2Fproduct_brand&post=37677"},{"taxonomy":"product_cat","embeddable":true,"href":"https:\/\/www.deporteseli.com\/index.php?rest_route=%2Fwp%2Fv2%2Fproduct_cat&post=37677"},{"taxonomy":"product_tag","embeddable":true,"href":"https:\/\/www.deporteseli.com\/index.php?rest_route=%2Fwp%2Fv2%2Fproduct_tag&post=37677"}],"curies":[{"name":"wp","href":"https:\/\/api.w.org\/{rel}","templated":true}]}}