{"id":37674,"date":"2026-01-27T17:50:12","date_gmt":"2026-01-27T17:50:12","guid":{"rendered":"https:\/\/www.deporteseli.com\/?product=camiseta-puma-alpha-670213-2"},"modified":"2026-01-27T17:50:14","modified_gmt":"2026-01-27T17:50:14","slug":"camiseta-puma-alpha-670213-2","status":"publish","type":"product","link":"https:\/\/www.deporteseli.com\/?product=camiseta-puma-alpha-670213-2","title":{"rendered":"CAMISETA PUMA ALPHA 670213"},"content":{"rendered":"<p>Camiseta infantil de la firma Puma adecuada para los meses de verano. Las camisetas son la prenda m\u00e1s sencilla ya que se pueden combinar con pantalones, shorts, faldas, leggins, ch\u00e1ndales e incluso vestidos, cambiando por completo el estilo del ni\u00f1o. Hecho de materiales suaves para brindar comodidad y flexibilidad de movimiento en la escuela y el juego. No es una prenda exclusivamente de verano, ya que tambi\u00e9n se puede llevar como  camisa  en invierno o con una sudadera, pero un c\u00e1rdigan es definitivamente un imprescindible en el armario de una ni\u00f1a. Composici\u00f3n: 100% Algod\u00f3n.                                                                                                                                                                                                                                                                                                                                                                                                                                                                                                                                                                                                                                                                                                                                                                                                                                                                                                                                                                                                                                        <\/p>\n","protected":false},"excerpt":{"rendered":"<p>CAMISETA PUMA ALPHA 670213<\/p>\n","protected":false},"featured_media":52114,"template":"","meta":[],"product_brand":[],"product_cat":[376],"product_tag":[32],"class_list":{"0":"post-37674","1":"product","2":"type-product","3":"status-publish","4":"has-post-thumbnail","6":"product_cat-ninas_textil_camisetas","7":"product_tag-puma","8":"pa_color-unico","9":"pa_talla-t-12","10":"pa_talla-t-14","11":"thunk-woo-product-list","12":"opn-qv-enable","13":"open-woo-hover-","14":"open-single-product-tab-horizontal","15":"open-shadow-","16":"open-shadow-hover-","18":"first","19":"instock","20":"shipping-taxable","21":"purchasable","22":"product-type-variable"},"jetpack_sharing_enabled":true,"_links":{"self":[{"href":"https:\/\/www.deporteseli.com\/index.php?rest_route=\/wp\/v2\/product\/37674","targetHints":{"allow":["GET"]}}],"collection":[{"href":"https:\/\/www.deporteseli.com\/index.php?rest_route=\/wp\/v2\/product"}],"about":[{"href":"https:\/\/www.deporteseli.com\/index.php?rest_route=\/wp\/v2\/types\/product"}],"wp:featuredmedia":[{"embeddable":true,"href":"https:\/\/www.deporteseli.com\/index.php?rest_route=\/wp\/v2\/media\/52114"}],"wp:attachment":[{"href":"https:\/\/www.deporteseli.com\/index.php?rest_route=%2Fwp%2Fv2%2Fmedia&parent=37674"}],"wp:term":[{"taxonomy":"product_brand","embeddable":true,"href":"https:\/\/www.deporteseli.com\/index.php?rest_route=%2Fwp%2Fv2%2Fproduct_brand&post=37674"},{"taxonomy":"product_cat","embeddable":true,"href":"https:\/\/www.deporteseli.com\/index.php?rest_route=%2Fwp%2Fv2%2Fproduct_cat&post=37674"},{"taxonomy":"product_tag","embeddable":true,"href":"https:\/\/www.deporteseli.com\/index.php?rest_route=%2Fwp%2Fv2%2Fproduct_tag&post=37674"}],"curies":[{"name":"wp","href":"https:\/\/api.w.org\/{rel}","templated":true}]}}