{"id":37663,"date":"2026-01-27T17:49:46","date_gmt":"2026-01-27T17:49:46","guid":{"rendered":"https:\/\/www.deporteseli.com\/?product=leggings-de-puma-para-nina-modelo-modern"},"modified":"2026-03-11T05:17:44","modified_gmt":"2026-03-11T05:17:44","slug":"leggings-de-puma-para-nina-modelo-modern","status":"publish","type":"product","link":"https:\/\/www.deporteseli.com\/?product=leggings-de-puma-para-nina-modelo-modern","title":{"rendered":"LEGGINGS DE PUMA PARA NI\u00f1A, MODELO MODERN"},"content":{"rendered":"<p>Descripci\u00f3n del producto  Estos elegantes y llamativos leggings son perfectos para las futuras superestrellas del deporte. Dise\u00f1ado para la comodidad con la tecnolog\u00eda de rendimiento dryCELL de PUMA y detalles de dise\u00f1o para libertad en movimiento, es perfecto para esas primeras incursiones en el mundo del entrenamiento. dryCELL: tecnolog\u00eda de alto rendimiento que elimina la humedad del cuerpo y garantiza que te mantengas libre de sudor durante el entrenamiento. Contenido reciclado: Fabricado con al menos un 20 % de contenido reciclado como un paso hacia un futuro mejor. Midori: con revestimiento ecol\u00f3gico miDori\u00ae bioWick. Ajuste apretado. Refuerzo en forma de diamante. Costuras planas. Bolsillo lateral. Logo PUMA Cat impreso por transferencia t\u00e9rmica en la pierna izquierda. Material: fuelle: 100 % poli\u00e9ster  cintura interior: 85 % poli\u00e9ster, 15 % elastano  Material exterior: 77% poli\u00e9ster 23% elastano.                                                                                                                                                                                                                                                                                                                                                                                                                                                                                                                                                                                                                                                                                                                                                                                                                                                                                                                                                                                                                                        <\/p>\n","protected":false},"excerpt":{"rendered":"<p>LEGGINGS DE PUMA PARA NI\u00f1A, MODELO MODERN<\/p>\n","protected":false},"featured_media":52107,"template":"","meta":[],"product_brand":[],"product_cat":[386],"product_tag":[32],"class_list":{"0":"post-37663","1":"product","2":"type-product","3":"status-publish","4":"has-post-thumbnail","6":"product_cat-ninas_textil_mallas","7":"product_tag-puma","8":"pa_color-unico","9":"pa_talla-t-10","10":"pa_talla-t-12","11":"pa_talla-t-14","12":"pa_talla-t-16","13":"pa_talla-t-6","14":"thunk-woo-product-list","15":"opn-qv-enable","16":"open-woo-hover-","17":"open-single-product-tab-horizontal","18":"open-shadow-","19":"open-shadow-hover-","21":"first","22":"instock","23":"shipping-taxable","24":"purchasable","25":"product-type-variable"},"jetpack_sharing_enabled":true,"_links":{"self":[{"href":"https:\/\/www.deporteseli.com\/index.php?rest_route=\/wp\/v2\/product\/37663","targetHints":{"allow":["GET"]}}],"collection":[{"href":"https:\/\/www.deporteseli.com\/index.php?rest_route=\/wp\/v2\/product"}],"about":[{"href":"https:\/\/www.deporteseli.com\/index.php?rest_route=\/wp\/v2\/types\/product"}],"wp:featuredmedia":[{"embeddable":true,"href":"https:\/\/www.deporteseli.com\/index.php?rest_route=\/wp\/v2\/media\/52107"}],"wp:attachment":[{"href":"https:\/\/www.deporteseli.com\/index.php?rest_route=%2Fwp%2Fv2%2Fmedia&parent=37663"}],"wp:term":[{"taxonomy":"product_brand","embeddable":true,"href":"https:\/\/www.deporteseli.com\/index.php?rest_route=%2Fwp%2Fv2%2Fproduct_brand&post=37663"},{"taxonomy":"product_cat","embeddable":true,"href":"https:\/\/www.deporteseli.com\/index.php?rest_route=%2Fwp%2Fv2%2Fproduct_cat&post=37663"},{"taxonomy":"product_tag","embeddable":true,"href":"https:\/\/www.deporteseli.com\/index.php?rest_route=%2Fwp%2Fv2%2Fproduct_tag&post=37663"}],"curies":[{"name":"wp","href":"https:\/\/api.w.org\/{rel}","templated":true}]}}