{"id":37653,"date":"2026-01-27T17:49:29","date_gmt":"2026-01-27T17:49:29","guid":{"rendered":"https:\/\/www.deporteseli.com\/?product=chandal-clasico-con-capucha-mujer"},"modified":"2026-02-16T07:45:01","modified_gmt":"2026-02-16T07:45:01","slug":"chandal-clasico-con-capucha-mujer","status":"publish","type":"product","link":"https:\/\/www.deporteseli.com\/?product=chandal-clasico-con-capucha-mujer","title":{"rendered":"CH\u00e1NDAL CL\u00e1SICO CON CAPUCHA MUJER"},"content":{"rendered":"<p>Elegir tu look de sal\u00f3n nunca ha sido tan f\u00e1cil. Cuando la comodidad es esencial, nada supera a un ch\u00e1ndal, y te hemos ahorrado la molestia de tratar de coordinar tu combinaci\u00f3n con este conjunto de dos piezas, que presenta colores destacados a juego y una silueta elegante. No hace falta decir que ambas piezas tambi\u00e9n son excelentes para mezclar y combinar.      CARACTER\u00cdSTICAS Y BENEFICIOS  Algod\u00f3n: el algod\u00f3n en los productos PUMA proviene de granjas que se enfocan en la agricultura sostenible, como la eficiencia del agua y la protecci\u00f3n de la salud del suelo. M\u00e1s informaci\u00f3n: https:\/\/about.puma.com\/forever-better  Contenido reciclado: Fabricado con al menos un 20 % de material reciclado como un paso hacia un futuro mejor  DETALLES  Corte normal  Capucha con forro de jersey y cord\u00f3n  Cierre con cremallera completa en la parte superior  Cintura el\u00e1stica cortada y cosida con cord\u00f3n interno en la parte inferior  Bolsillos laterales en la parte superior  Bolsillos laterales con costura en los bajos.  Logotipo del felino de PUMA estampado de goma en el lado izquierdo del pecho  Estampado de goma con el logotipo del felino de PUMA en la pierna izquierda                                                                                                                                                                                                                                                                                                                                                                                                                                                                                                                                                                                                                                                                                                                                                                                                                                                                                                                                                                                                                                        <\/p>\n","protected":false},"excerpt":{"rendered":"<p>CH\u00e1NDAL CL\u00e1SICO CON CAPUCHA MUJER<\/p>\n","protected":false},"featured_media":52096,"template":"","meta":[],"product_brand":[],"product_cat":[273],"product_tag":[32],"class_list":{"0":"post-37653","1":"product","2":"type-product","3":"status-publish","4":"has-post-thumbnail","6":"product_cat-mujer_textil_chandals","7":"product_tag-puma","8":"pa_color-unico","9":"pa_talla-s","10":"pa_talla-xl","11":"thunk-woo-product-list","12":"opn-qv-enable","13":"open-woo-hover-","14":"open-single-product-tab-horizontal","15":"open-shadow-","16":"open-shadow-hover-","18":"first","19":"instock","20":"shipping-taxable","21":"purchasable","22":"product-type-variable"},"jetpack_sharing_enabled":true,"_links":{"self":[{"href":"https:\/\/www.deporteseli.com\/index.php?rest_route=\/wp\/v2\/product\/37653","targetHints":{"allow":["GET"]}}],"collection":[{"href":"https:\/\/www.deporteseli.com\/index.php?rest_route=\/wp\/v2\/product"}],"about":[{"href":"https:\/\/www.deporteseli.com\/index.php?rest_route=\/wp\/v2\/types\/product"}],"wp:featuredmedia":[{"embeddable":true,"href":"https:\/\/www.deporteseli.com\/index.php?rest_route=\/wp\/v2\/media\/52096"}],"wp:attachment":[{"href":"https:\/\/www.deporteseli.com\/index.php?rest_route=%2Fwp%2Fv2%2Fmedia&parent=37653"}],"wp:term":[{"taxonomy":"product_brand","embeddable":true,"href":"https:\/\/www.deporteseli.com\/index.php?rest_route=%2Fwp%2Fv2%2Fproduct_brand&post=37653"},{"taxonomy":"product_cat","embeddable":true,"href":"https:\/\/www.deporteseli.com\/index.php?rest_route=%2Fwp%2Fv2%2Fproduct_cat&post=37653"},{"taxonomy":"product_tag","embeddable":true,"href":"https:\/\/www.deporteseli.com\/index.php?rest_route=%2Fwp%2Fv2%2Fproduct_tag&post=37653"}],"curies":[{"name":"wp","href":"https:\/\/api.w.org\/{rel}","templated":true}]}}