{"id":37651,"date":"2026-01-27T17:49:25","date_gmt":"2026-01-27T17:49:25","guid":{"rendered":"https:\/\/www.deporteseli.com\/?product=sudadera-con-capucha-y-cremallera"},"modified":"2026-01-27T17:49:28","modified_gmt":"2026-01-27T17:49:28","slug":"sudadera-con-capucha-y-cremallera","status":"publish","type":"product","link":"https:\/\/www.deporteseli.com\/?product=sudadera-con-capucha-y-cremallera","title":{"rendered":"SUDADERA CON CAPUCHA Y CREMALLERA"},"content":{"rendered":"<p>CARACTER\u00cdSTICAS Y BENEFICIOS  Algod\u00f3n: el algod\u00f3n en los productos PUMA proviene de granjas que se enfocan en la agricultura sostenible, como la eficiencia del agua y la protecci\u00f3n de la salud del suelo. M\u00e1s informaci\u00f3n: https:\/\/about.puma.com\/forever-better  Contenido reciclado: Fabricado con al menos un 20 % de material reciclado como un paso hacia un futuro mejor  DETALLES  Corte normal  Cierre con cremallera completa  Bolsillos laterales  Cinta tejida con la marca PUMA Wordmark y el logotipo PUMA Cat repetidos en ambas mangas  Logotipo de PUMA n.\u00b0 1 en el lado izquierdo del pecho  Material de informaci\u00f3n  Forro de la capucha: 100 % algod\u00f3n  Canal\u00e9: 98 % algod\u00f3n, 2 % elastano  Exterior: 66% algod\u00f3n, 34% poli\u00e9ster  Instrucciones de cuidado  Cerrar todos los cierres  No planchar accesorios\/adornos  Usar detergente para colores.                                                                                                                                                                                                                                                                                                                                                                                                                                                                                                                                                                                                                                                                                                                                                                                                                                                                                                                                                                                                                                        <\/p>\n","protected":false},"excerpt":{"rendered":"<p>SUDADERA CON CAPUCHA Y CREMALLERA<\/p>\n","protected":false},"featured_media":52093,"template":"","meta":[],"product_brand":[],"product_cat":[279],"product_tag":[32],"class_list":{"0":"post-37651","1":"product","2":"type-product","3":"status-publish","4":"has-post-thumbnail","6":"product_cat-mujer_textil_sudaderas","7":"product_tag-puma","8":"pa_color-unico","9":"pa_talla-m","10":"thunk-woo-product-list","11":"opn-qv-enable","12":"open-woo-hover-","13":"open-single-product-tab-horizontal","14":"open-shadow-","15":"open-shadow-hover-","17":"first","18":"instock","19":"shipping-taxable","20":"purchasable","21":"product-type-variable"},"jetpack_sharing_enabled":true,"_links":{"self":[{"href":"https:\/\/www.deporteseli.com\/index.php?rest_route=\/wp\/v2\/product\/37651","targetHints":{"allow":["GET"]}}],"collection":[{"href":"https:\/\/www.deporteseli.com\/index.php?rest_route=\/wp\/v2\/product"}],"about":[{"href":"https:\/\/www.deporteseli.com\/index.php?rest_route=\/wp\/v2\/types\/product"}],"wp:featuredmedia":[{"embeddable":true,"href":"https:\/\/www.deporteseli.com\/index.php?rest_route=\/wp\/v2\/media\/52093"}],"wp:attachment":[{"href":"https:\/\/www.deporteseli.com\/index.php?rest_route=%2Fwp%2Fv2%2Fmedia&parent=37651"}],"wp:term":[{"taxonomy":"product_brand","embeddable":true,"href":"https:\/\/www.deporteseli.com\/index.php?rest_route=%2Fwp%2Fv2%2Fproduct_brand&post=37651"},{"taxonomy":"product_cat","embeddable":true,"href":"https:\/\/www.deporteseli.com\/index.php?rest_route=%2Fwp%2Fv2%2Fproduct_cat&post=37651"},{"taxonomy":"product_tag","embeddable":true,"href":"https:\/\/www.deporteseli.com\/index.php?rest_route=%2Fwp%2Fv2%2Fproduct_tag&post=37651"}],"curies":[{"name":"wp","href":"https:\/\/api.w.org\/{rel}","templated":true}]}}