{"id":37649,"date":"2026-01-27T17:49:21","date_gmt":"2026-01-27T17:49:21","guid":{"rendered":"https:\/\/www.deporteseli.com\/?product=puma-sudadera-essentials-2-col"},"modified":"2026-01-27T17:49:23","modified_gmt":"2026-01-27T17:49:23","slug":"puma-sudadera-essentials-2-col","status":"publish","type":"product","link":"https:\/\/www.deporteseli.com\/?product=puma-sudadera-essentials-2-col","title":{"rendered":"PUMA SUDADERA ESSENTIALS  2 COL"},"content":{"rendered":"<p>Caracter\u00edsticas:    Estampado de goma del logotipo n.\u00ba 1  Capucha con cordones para un ajuste regulable  Capucha con forro de punto  Cierre con cremallera completa  Bolsillo canguro para una pr\u00e1ctica soluci\u00f3n de almacenamiento  Pu\u00f1os y dobladillo acanalados.  Corte normal  El algod\u00f3n de los productos PUMA proviene de granjas que se centran en la agricultura sostenible, como la eficiencia del agua y la protecci\u00f3n de la salud del suelo.  Fabricado con poli\u00e9ster reciclado.      Especificaciones:    Material principal 1: 66 % algod\u00f3n BCI, 34 % poli\u00e9ster Vell\u00f3n reciclado 280,00 g\/m\u00b2 te\u00f1ido en pieza Cepillado mec\u00e1nico                                                                                                                                                                                                                                                                                                                                                                                                                                                                                                                                                                                                                                                                                                                                                                                                                                                                                                                                                                                                                                        <\/p>\n","protected":false},"excerpt":{"rendered":"<p>PUMA SUDADERA ESSENTIALS  2 COL<\/p>\n","protected":false},"featured_media":52089,"template":"","meta":[],"product_brand":[],"product_cat":[253],"product_tag":[32],"class_list":{"0":"post-37649","1":"product","2":"type-product","3":"status-publish","4":"has-post-thumbnail","6":"product_cat-hombre_textil_sudaderas","7":"product_tag-puma","8":"pa_color-unico","9":"pa_talla-m","10":"thunk-woo-product-list","11":"opn-qv-enable","12":"open-woo-hover-","13":"open-single-product-tab-horizontal","14":"open-shadow-","15":"open-shadow-hover-","17":"first","18":"instock","19":"shipping-taxable","20":"purchasable","21":"product-type-variable"},"jetpack_sharing_enabled":true,"_links":{"self":[{"href":"https:\/\/www.deporteseli.com\/index.php?rest_route=\/wp\/v2\/product\/37649","targetHints":{"allow":["GET"]}}],"collection":[{"href":"https:\/\/www.deporteseli.com\/index.php?rest_route=\/wp\/v2\/product"}],"about":[{"href":"https:\/\/www.deporteseli.com\/index.php?rest_route=\/wp\/v2\/types\/product"}],"wp:featuredmedia":[{"embeddable":true,"href":"https:\/\/www.deporteseli.com\/index.php?rest_route=\/wp\/v2\/media\/52089"}],"wp:attachment":[{"href":"https:\/\/www.deporteseli.com\/index.php?rest_route=%2Fwp%2Fv2%2Fmedia&parent=37649"}],"wp:term":[{"taxonomy":"product_brand","embeddable":true,"href":"https:\/\/www.deporteseli.com\/index.php?rest_route=%2Fwp%2Fv2%2Fproduct_brand&post=37649"},{"taxonomy":"product_cat","embeddable":true,"href":"https:\/\/www.deporteseli.com\/index.php?rest_route=%2Fwp%2Fv2%2Fproduct_cat&post=37649"},{"taxonomy":"product_tag","embeddable":true,"href":"https:\/\/www.deporteseli.com\/index.php?rest_route=%2Fwp%2Fv2%2Fproduct_tag&post=37649"}],"curies":[{"name":"wp","href":"https:\/\/api.w.org\/{rel}","templated":true}]}}