{"id":37644,"date":"2026-01-27T17:49:14","date_gmt":"2026-01-27T17:49:14","guid":{"rendered":"https:\/\/www.deporteseli.com\/?product=adidas-aeroready-made-for-training-minimal-2"},"modified":"2026-01-27T17:49:17","modified_gmt":"2026-01-27T17:49:17","slug":"adidas-aeroready-made-for-training-minimal-2","status":"publish","type":"product","link":"https:\/\/www.deporteseli.com\/?product=adidas-aeroready-made-for-training-minimal-2","title":{"rendered":"ADIDAS AEROREADY MADE FOR TRAINING MINIMAL 2"},"content":{"rendered":"<p>adidas AEROREADY Made for Training Minimal 2-In-1 Pantalon corto &#8211; legend ink\/white HD6289  Todo se reduce al equipo adecuado. Estos pantalones cortos de entrenamiento de adidas tambi\u00e9n est\u00e1n equipados con un ajuste suave que absorbe la humedad para una sensaci\u00f3n de seguridad. El dise\u00f1o tambi\u00e9n incluye adidas AEROREADY, para que puedas contar con una comodidad seca mientras te ejercitas. Adem\u00e1s, las costuras estrat\u00e9gicamente situadas y el corte inteligente garantizan una gran libertad de movimientos.    El producto forma parte del compromiso contra los residuos de pl\u00e1stico y est\u00e1 fabricado con materiales 100% reciclados.        Material 100% poliester                                                                                                                                                                                                                                                                                                                                                                                                                                                                                                                                                                                                                                                                                                                                                                                                                                                                                                                                                                                                                                        <\/p>\n","protected":false},"excerpt":{"rendered":"<p>ADIDAS AEROREADY MADE FOR TRAINING MINIMAL 2<\/p>\n","protected":false},"featured_media":52085,"template":"","meta":[],"product_brand":[],"product_cat":[277],"product_tag":[18],"class_list":{"0":"post-37644","1":"product","2":"type-product","3":"status-publish","4":"has-post-thumbnail","6":"product_cat-mujer_textil_shorts","7":"product_tag-adidas","8":"pa_color-unico","9":"pa_talla-l","10":"pa_talla-m","11":"thunk-woo-product-list","12":"opn-qv-enable","13":"open-woo-hover-","14":"open-single-product-tab-horizontal","15":"open-shadow-","16":"open-shadow-hover-","18":"first","19":"instock","20":"shipping-taxable","21":"purchasable","22":"product-type-variable"},"jetpack_sharing_enabled":true,"_links":{"self":[{"href":"https:\/\/www.deporteseli.com\/index.php?rest_route=\/wp\/v2\/product\/37644","targetHints":{"allow":["GET"]}}],"collection":[{"href":"https:\/\/www.deporteseli.com\/index.php?rest_route=\/wp\/v2\/product"}],"about":[{"href":"https:\/\/www.deporteseli.com\/index.php?rest_route=\/wp\/v2\/types\/product"}],"wp:featuredmedia":[{"embeddable":true,"href":"https:\/\/www.deporteseli.com\/index.php?rest_route=\/wp\/v2\/media\/52085"}],"wp:attachment":[{"href":"https:\/\/www.deporteseli.com\/index.php?rest_route=%2Fwp%2Fv2%2Fmedia&parent=37644"}],"wp:term":[{"taxonomy":"product_brand","embeddable":true,"href":"https:\/\/www.deporteseli.com\/index.php?rest_route=%2Fwp%2Fv2%2Fproduct_brand&post=37644"},{"taxonomy":"product_cat","embeddable":true,"href":"https:\/\/www.deporteseli.com\/index.php?rest_route=%2Fwp%2Fv2%2Fproduct_cat&post=37644"},{"taxonomy":"product_tag","embeddable":true,"href":"https:\/\/www.deporteseli.com\/index.php?rest_route=%2Fwp%2Fv2%2Fproduct_tag&post=37644"}],"curies":[{"name":"wp","href":"https:\/\/api.w.org\/{rel}","templated":true}]}}