{"id":37640,"date":"2026-01-27T17:49:10","date_gmt":"2026-01-27T17:49:10","guid":{"rendered":"https:\/\/www.deporteseli.com\/?product=bote-de-4-pelotas-wilson-roland-garros-clay-c"},"modified":"2026-04-02T04:18:19","modified_gmt":"2026-04-02T04:18:19","slug":"bote-de-4-pelotas-wilson-roland-garros-clay-c","status":"publish","type":"product","link":"https:\/\/www.deporteseli.com\/?product=bote-de-4-pelotas-wilson-roland-garros-clay-c","title":{"rendered":"BOTE DE 4 PELOTAS WILSON ROLAND GARROS CLAY C"},"content":{"rendered":"<p>WILSON  BOTE DE 4 PELOTAS WILSON ROLAND GARROS CLAY COURT  Descubre la pelota de tenis Wilson Roland Garros Clay Court, especialmente creada para jugar durante el Gran Slam parisino. Esta pelota te da todo lo que necesitas dentro de la pista. Esta pelota posee un material tejido lo que otorga una excelente durabilidad as\u00ed como una gran resistencia a la humedad. Su n\u00facleo en caucho garantiza un rebote de calidad incluso despu\u00e9s de varias horas de juego.     Una pelota perfecta para los jugadores exigentes, como pueden ser los jugadores profesionales durante el Roland Garros.  Descubre la pelota de tenis Wilson Roland Garros Clay Court, especialmente creada para jugar durante el Gran Slam parisino. Esta pelota te da todo lo que necesitas dentro de la pista. Esta pelota posee un material tejido lo que otorga una excelente durabilidad as\u00ed como una gran resistencia a la humedad. Su n\u00facleo en caucho garantiza un rebote de calidad incluso despu\u00e9s de varias horas de juego.     Una pelota perfecta para los jugadores exigentes, como pueden ser los jugadores profesionales durante el Roland Garros.    Bote de 4 pelotas                                                                                                                                                                                                                                                                                                                                                                                                                                                                                                                                                                                                                                                                                                                                                                                                                                                                                                                                                                                                                                        <\/p>\n","protected":false},"excerpt":{"rendered":"<p>BOTE DE 4 PELOTAS WILSON ROLAND GARROS CLAY C<\/p>\n","protected":false},"featured_media":52080,"template":"","meta":[],"product_brand":[],"product_cat":[348],"product_tag":[57],"class_list":{"0":"post-37640","1":"product","2":"type-product","3":"status-publish","4":"has-post-thumbnail","6":"product_cat-deportes_tenis","7":"product_tag-wilson","8":"pa_color-unico","9":"pa_talla-unica","10":"thunk-woo-product-list","11":"opn-qv-enable","12":"open-woo-hover-","13":"open-single-product-tab-horizontal","14":"open-shadow-","15":"open-shadow-hover-","17":"first","18":"instock","19":"shipping-taxable","20":"purchasable","21":"product-type-variable"},"jetpack_sharing_enabled":true,"_links":{"self":[{"href":"https:\/\/www.deporteseli.com\/index.php?rest_route=\/wp\/v2\/product\/37640","targetHints":{"allow":["GET"]}}],"collection":[{"href":"https:\/\/www.deporteseli.com\/index.php?rest_route=\/wp\/v2\/product"}],"about":[{"href":"https:\/\/www.deporteseli.com\/index.php?rest_route=\/wp\/v2\/types\/product"}],"wp:featuredmedia":[{"embeddable":true,"href":"https:\/\/www.deporteseli.com\/index.php?rest_route=\/wp\/v2\/media\/52080"}],"wp:attachment":[{"href":"https:\/\/www.deporteseli.com\/index.php?rest_route=%2Fwp%2Fv2%2Fmedia&parent=37640"}],"wp:term":[{"taxonomy":"product_brand","embeddable":true,"href":"https:\/\/www.deporteseli.com\/index.php?rest_route=%2Fwp%2Fv2%2Fproduct_brand&post=37640"},{"taxonomy":"product_cat","embeddable":true,"href":"https:\/\/www.deporteseli.com\/index.php?rest_route=%2Fwp%2Fv2%2Fproduct_cat&post=37640"},{"taxonomy":"product_tag","embeddable":true,"href":"https:\/\/www.deporteseli.com\/index.php?rest_route=%2Fwp%2Fv2%2Fproduct_tag&post=37640"}],"curies":[{"name":"wp","href":"https:\/\/api.w.org\/{rel}","templated":true}]}}