{"id":37606,"date":"2026-01-27T17:48:19","date_gmt":"2026-01-27T17:48:19","guid":{"rendered":"https:\/\/www.deporteseli.com\/?product=pantalon-adidas-essentials-3-bandas"},"modified":"2026-01-27T17:48:24","modified_gmt":"2026-01-27T17:48:24","slug":"pantalon-adidas-essentials-3-bandas","status":"publish","type":"product","link":"https:\/\/www.deporteseli.com\/?product=pantalon-adidas-essentials-3-bandas","title":{"rendered":"PANTAL\u00f3N ADIDAS ESSENTIALS 3 BANDAS"},"content":{"rendered":"<p>UN CL\u00c1SICO PARA TU D\u00cdA A D\u00cdA  Hazlo por ti. Disfruta del terreno de juego y de la ciudad con este pantal\u00f3n adidas para j\u00f3venes con estilo. Luce pu\u00f1os ajustados y una cintura con cord\u00f3n que te permite ajustarlo a tu gusto.    Este producto se ha confeccionado con material reciclado como parte de nuestro compromiso por acabar con los residuos pl\u00e1sticos.  Corte cl\u00e1sico con pernera ajustada en el pu\u00f1o  Cintura el\u00e1stica con cord\u00f3n  Felpa 53% algod\u00f3n \/ 36% poli\u00e9ster reciclado \/ 11% viscosa  Bolsillos laterales  Pu\u00f1os de canal\u00e9  Cintura de talle medio  Color del art\u00edculo: Medium Grey Heather \/ Royal Blue  N\u00famero de art\u00edculo: HN6712                                                                                                                                                                                                                                                                                                                                                                                                                                                                                                                                                                                                                                                                                                                                                                                                                                                                                                                                                                                                                                        <\/p>\n","protected":false},"excerpt":{"rendered":"<p>PANTAL\u00f3N ADIDAS ESSENTIALS 3 BANDAS<\/p>\n","protected":false},"featured_media":52051,"template":"","meta":[],"product_brand":[],"product_cat":[301],"product_tag":[18],"class_list":{"0":"post-37606","1":"product","2":"type-product","3":"status-publish","4":"has-post-thumbnail","6":"product_cat-nino_textil_pantalones","7":"product_tag-adidas","8":"pa_color-unico","9":"pa_talla-t-10","10":"pa_talla-t-12","11":"pa_talla-t-14","12":"pa_talla-t-8","13":"thunk-woo-product-list","14":"opn-qv-enable","15":"open-woo-hover-","16":"open-single-product-tab-horizontal","17":"open-shadow-","18":"open-shadow-hover-","20":"first","21":"instock","22":"shipping-taxable","23":"purchasable","24":"product-type-variable"},"jetpack_sharing_enabled":true,"_links":{"self":[{"href":"https:\/\/www.deporteseli.com\/index.php?rest_route=\/wp\/v2\/product\/37606","targetHints":{"allow":["GET"]}}],"collection":[{"href":"https:\/\/www.deporteseli.com\/index.php?rest_route=\/wp\/v2\/product"}],"about":[{"href":"https:\/\/www.deporteseli.com\/index.php?rest_route=\/wp\/v2\/types\/product"}],"wp:featuredmedia":[{"embeddable":true,"href":"https:\/\/www.deporteseli.com\/index.php?rest_route=\/wp\/v2\/media\/52051"}],"wp:attachment":[{"href":"https:\/\/www.deporteseli.com\/index.php?rest_route=%2Fwp%2Fv2%2Fmedia&parent=37606"}],"wp:term":[{"taxonomy":"product_brand","embeddable":true,"href":"https:\/\/www.deporteseli.com\/index.php?rest_route=%2Fwp%2Fv2%2Fproduct_brand&post=37606"},{"taxonomy":"product_cat","embeddable":true,"href":"https:\/\/www.deporteseli.com\/index.php?rest_route=%2Fwp%2Fv2%2Fproduct_cat&post=37606"},{"taxonomy":"product_tag","embeddable":true,"href":"https:\/\/www.deporteseli.com\/index.php?rest_route=%2Fwp%2Fv2%2Fproduct_tag&post=37606"}],"curies":[{"name":"wp","href":"https:\/\/api.w.org\/{rel}","templated":true}]}}