{"id":37604,"date":"2026-01-27T17:48:17","date_gmt":"2026-01-27T17:48:17","guid":{"rendered":"https:\/\/www.deporteseli.com\/?product=puma-mochila-puma-phase-ii"},"modified":"2026-01-27T17:48:18","modified_gmt":"2026-01-27T17:48:18","slug":"puma-mochila-puma-phase-ii","status":"publish","type":"product","link":"https:\/\/www.deporteseli.com\/?product=puma-mochila-puma-phase-ii","title":{"rendered":"PUMA MOCHILA PUMA PHASE II"},"content":{"rendered":"<p>PUMA Mochila Puma Phase II   DESCRIPCI\u00d3N  La mochila Puma Phase II compagina la funcionalidad con la comodidad. Un dise\u00f1o que te facilitar\u00e1 los desplazamientos al gimnasio, al campo de juego o a donde quieras. Confeccionada con un dise\u00f1o muy urbano, para que puedas llevarlo con cualquier prenda de vestir.  CARACTER\u00cdSTICAS  Abertura con cremallera de doble cursor para el compartimento principal.  Correas ajustables y acolchadas.                                                                                                                                                                                                                                                                                                                                                                                                                                                                                                                                                                                                                                                                                                                                                                                                                                                                                                                                                                                                                                        <\/p>\n","protected":false},"excerpt":{"rendered":"<p>PUMA MOCHILA PUMA PHASE II<\/p>\n","protected":false},"featured_media":52048,"template":"","meta":[],"product_brand":[],"product_cat":[401],"product_tag":[32],"class_list":{"0":"post-37604","1":"product","2":"type-product","3":"status-publish","4":"has-post-thumbnail","6":"product_cat-accesorios_mochilas","7":"product_tag-puma","8":"pa_color-unico","9":"pa_talla-unica","10":"thunk-woo-product-list","11":"opn-qv-enable","12":"open-woo-hover-","13":"open-single-product-tab-horizontal","14":"open-shadow-","15":"open-shadow-hover-","17":"first","18":"instock","19":"shipping-taxable","20":"purchasable","21":"product-type-variable"},"jetpack_sharing_enabled":true,"_links":{"self":[{"href":"https:\/\/www.deporteseli.com\/index.php?rest_route=\/wp\/v2\/product\/37604","targetHints":{"allow":["GET"]}}],"collection":[{"href":"https:\/\/www.deporteseli.com\/index.php?rest_route=\/wp\/v2\/product"}],"about":[{"href":"https:\/\/www.deporteseli.com\/index.php?rest_route=\/wp\/v2\/types\/product"}],"wp:featuredmedia":[{"embeddable":true,"href":"https:\/\/www.deporteseli.com\/index.php?rest_route=\/wp\/v2\/media\/52048"}],"wp:attachment":[{"href":"https:\/\/www.deporteseli.com\/index.php?rest_route=%2Fwp%2Fv2%2Fmedia&parent=37604"}],"wp:term":[{"taxonomy":"product_brand","embeddable":true,"href":"https:\/\/www.deporteseli.com\/index.php?rest_route=%2Fwp%2Fv2%2Fproduct_brand&post=37604"},{"taxonomy":"product_cat","embeddable":true,"href":"https:\/\/www.deporteseli.com\/index.php?rest_route=%2Fwp%2Fv2%2Fproduct_cat&post=37604"},{"taxonomy":"product_tag","embeddable":true,"href":"https:\/\/www.deporteseli.com\/index.php?rest_route=%2Fwp%2Fv2%2Fproduct_tag&post=37604"}],"curies":[{"name":"wp","href":"https:\/\/api.w.org\/{rel}","templated":true}]}}