{"id":37601,"date":"2026-01-27T17:48:13","date_gmt":"2026-01-27T17:48:13","guid":{"rendered":"https:\/\/www.deporteseli.com\/?product=puma-w-carina-2-0-blanco-puma"},"modified":"2026-01-27T17:48:16","modified_gmt":"2026-01-27T17:48:16","slug":"puma-w-carina-2-0-blanco-puma","status":"publish","type":"product","link":"https:\/\/www.deporteseli.com\/?product=puma-w-carina-2-0-blanco-puma","title":{"rendered":"PUMA W CARINA 2.0, BLANCO PUMA"},"content":{"rendered":"<p>Zapatilla de cuero vers\u00e1til de moda para mujer  Descripci\u00f3n del producto Puma W CARINA 2.0, Puma White &#8211; Puma White &#8211; Puma Silver Calzado Mujer    El Carina 2.0 de PUMA para mujer est\u00e1 inspirado en los estilos de los a\u00f1os 80, esta nueva silueta de tenis se interpreta para adaptarse al estilo relajado actual de las zapatillas de deporte de las ciudades costeras de California.    Esta nueva edici\u00f3n mantiene la apariencia familiar, pero se actualiza con refrigerios significativos y comerciales, como el nuevo dise\u00f1o de herramientas: las l\u00edneas verticales m\u00e1s anchas, as\u00ed como el logotipo de PUMA en el tal\u00f3n, agregan un aspecto joven y urbano.    La parte superior de cuero de las Carina 2.0 de PUMA contiene componentes reciclados y est\u00e1 acentuada por un empeine perforado y la conocida raya caracter\u00edstica de PUMA. La plantilla SoftFoam  proporciona una amortiguaci\u00f3n superior y una comodidad \u00f3ptima para cada paso del d\u00eda.      Softfoam : plantilla c\u00f3moda dise\u00f1ada para proporcionar una amortiguaci\u00f3n suave gracias a su tal\u00f3n extra grueso  Contenido reciclado: la parte superior de este calzado est\u00e1 hecha con al menos un 20 % de materiales reciclados como un paso hacia un futuro mejor  Empeine de piel con empeine perforado  Entresuela y suela de goma  L\u00edneas verticales m\u00e1s anchas en el tal\u00f3n  Franja caracter\u00edstica de PUMA en los lados medial y lateral  Logotipo de PUMA Cat en el tal\u00f3n  Especificaciones de materiales para Puma W CARINA 2.0, Puma White &#8211; Puma White &#8211; Puma Silver  Superior: Cuero  Plantilla: Softfoam   Entresuela: Caucho  Suela: Caucho  Tejido exterior: Piel  Suela: Caucho                                                                                                                                                                                                                                                                                                                                                                                                                                                                                                                                                                                                                                                                                                                                                                                                                                                                                                                                                                                                                                        <\/p>\n","protected":false},"excerpt":{"rendered":"<p>PUMA W CARINA 2.0, BLANCO PUMA<\/p>\n","protected":false},"featured_media":52043,"template":"","meta":[],"product_brand":[],"product_cat":[287],"product_tag":[32],"class_list":{"0":"post-37601","1":"product","2":"type-product","3":"status-publish","4":"has-post-thumbnail","6":"product_cat-mujer_calzado_casual","7":"product_tag-puma","8":"pa_color-unico","9":"pa_talla-141","10":"pa_talla-143","11":"thunk-woo-product-list","12":"opn-qv-enable","13":"open-woo-hover-","14":"open-single-product-tab-horizontal","15":"open-shadow-","16":"open-shadow-hover-","18":"first","19":"instock","20":"shipping-taxable","21":"purchasable","22":"product-type-variable"},"jetpack_sharing_enabled":true,"_links":{"self":[{"href":"https:\/\/www.deporteseli.com\/index.php?rest_route=\/wp\/v2\/product\/37601","targetHints":{"allow":["GET"]}}],"collection":[{"href":"https:\/\/www.deporteseli.com\/index.php?rest_route=\/wp\/v2\/product"}],"about":[{"href":"https:\/\/www.deporteseli.com\/index.php?rest_route=\/wp\/v2\/types\/product"}],"wp:featuredmedia":[{"embeddable":true,"href":"https:\/\/www.deporteseli.com\/index.php?rest_route=\/wp\/v2\/media\/52043"}],"wp:attachment":[{"href":"https:\/\/www.deporteseli.com\/index.php?rest_route=%2Fwp%2Fv2%2Fmedia&parent=37601"}],"wp:term":[{"taxonomy":"product_brand","embeddable":true,"href":"https:\/\/www.deporteseli.com\/index.php?rest_route=%2Fwp%2Fv2%2Fproduct_brand&post=37601"},{"taxonomy":"product_cat","embeddable":true,"href":"https:\/\/www.deporteseli.com\/index.php?rest_route=%2Fwp%2Fv2%2Fproduct_cat&post=37601"},{"taxonomy":"product_tag","embeddable":true,"href":"https:\/\/www.deporteseli.com\/index.php?rest_route=%2Fwp%2Fv2%2Fproduct_tag&post=37601"}],"curies":[{"name":"wp","href":"https:\/\/api.w.org\/{rel}","templated":true}]}}