{"id":37597,"date":"2026-01-27T17:48:09","date_gmt":"2026-01-27T17:48:09","guid":{"rendered":"https:\/\/www.deporteseli.com\/?product=mochila-puma-2"},"modified":"2026-01-27T17:48:10","modified_gmt":"2026-01-27T17:48:10","slug":"mochila-puma-2","status":"publish","type":"product","link":"https:\/\/www.deporteseli.com\/?product=mochila-puma-2","title":{"rendered":"MOCHILA PUMA"},"content":{"rendered":"<p>DETALLES DEL PRODUCTO  Material y cuidado  Materiales: Textil &#8211; Acr\u00edlico  Dise\u00f1o y estilo  N\u00famero de compartimentos: 1  N\u00famero de bolsillos planos: 2  Otros: Compartimento para port\u00e1til  Cantidad de bolsillos con cierre de cremallera: 1  Color: Negro  La posibilidad de regular las asas: S\u00ed  Tipo de cierre: Cremallera  Talla y ajuste  Longitud m\u00e1xima de las asas: 97  Diagonal del bolso: 54 cm  Peso del producto: 238 g  Dimensiones: 22\/30 x 44,5 x 16 cm  Detalles del producto  Marca: Puma  Modelo: Phase Backpack II 077295 01  Unidad de mantenimiento de existencias (SKU): 4062453788498  Garant\u00eda de originalidad del producto:  Todos los productos disponibles en zapatos.es son originales y vienen directamente de sus fabricantes o de proveedores verificados.                                                                                                                                                                                                                                                                                                                                                                                                                                                                                                                                                                                                                                                                                                                                                                                                                                                                                                                                                                                                                                        <\/p>\n","protected":false},"excerpt":{"rendered":"<p>MOCHILA PUMA<\/p>\n","protected":false},"featured_media":52037,"template":"","meta":[],"product_brand":[],"product_cat":[401],"product_tag":[32],"class_list":{"0":"post-37597","1":"product","2":"type-product","3":"status-publish","4":"has-post-thumbnail","6":"product_cat-accesorios_mochilas","7":"product_tag-puma","8":"pa_color-unico","9":"pa_talla-unica","10":"thunk-woo-product-list","11":"opn-qv-enable","12":"open-woo-hover-","13":"open-single-product-tab-horizontal","14":"open-shadow-","15":"open-shadow-hover-","17":"first","18":"instock","19":"shipping-taxable","20":"purchasable","21":"product-type-variable"},"jetpack_sharing_enabled":true,"_links":{"self":[{"href":"https:\/\/www.deporteseli.com\/index.php?rest_route=\/wp\/v2\/product\/37597","targetHints":{"allow":["GET"]}}],"collection":[{"href":"https:\/\/www.deporteseli.com\/index.php?rest_route=\/wp\/v2\/product"}],"about":[{"href":"https:\/\/www.deporteseli.com\/index.php?rest_route=\/wp\/v2\/types\/product"}],"wp:featuredmedia":[{"embeddable":true,"href":"https:\/\/www.deporteseli.com\/index.php?rest_route=\/wp\/v2\/media\/52037"}],"wp:attachment":[{"href":"https:\/\/www.deporteseli.com\/index.php?rest_route=%2Fwp%2Fv2%2Fmedia&parent=37597"}],"wp:term":[{"taxonomy":"product_brand","embeddable":true,"href":"https:\/\/www.deporteseli.com\/index.php?rest_route=%2Fwp%2Fv2%2Fproduct_brand&post=37597"},{"taxonomy":"product_cat","embeddable":true,"href":"https:\/\/www.deporteseli.com\/index.php?rest_route=%2Fwp%2Fv2%2Fproduct_cat&post=37597"},{"taxonomy":"product_tag","embeddable":true,"href":"https:\/\/www.deporteseli.com\/index.php?rest_route=%2Fwp%2Fv2%2Fproduct_tag&post=37597"}],"curies":[{"name":"wp","href":"https:\/\/api.w.org\/{rel}","templated":true}]}}