{"id":37594,"date":"2026-01-27T17:48:06","date_gmt":"2026-01-27T17:48:06","guid":{"rendered":"https:\/\/www.deporteseli.com\/?product=guantes-gimnasio-negro"},"modified":"2026-01-27T17:48:08","modified_gmt":"2026-01-27T17:48:08","slug":"guantes-gimnasio-negro","status":"publish","type":"product","link":"https:\/\/www.deporteseli.com\/?product=guantes-gimnasio-negro","title":{"rendered":"GUANTES GIMNASIO NEGRO"},"content":{"rendered":"<p>Se\u00f1oras, potencien su entrenamiento con estos insuperables guantes de entrenamiento. Las caracter\u00edsticas inteligentes ayudan a mejorar su entrenamiento de fuerza, incluido el material de gamuza suave y el acolchado en las palmas para mayor comodidad, combinado con una parte posterior el\u00e1stica y una abertura para un ajuste perfecto. Los puntos antideslizantes intensifican su agarre, mientras que el detalle recortado en la parte posterior mejora la ventilaci\u00f3n. Con estos pr\u00e1cticos guantes, nada se interpondr\u00e1 entre usted y el m\u00e1ximo rendimiento.    DETALLES  Apertura el\u00e1stica para un f\u00e1cil acceso y un ajuste c\u00f3modo  Recorte en el dorso de la mano para ventilaci\u00f3n  Tejido el\u00e1stico en el dorso de la mano para un ajuste perfecto  Material de ante suave y acolchado en la palma para mayor comodidad.  Puntos antideslizantes impresos para mayor agarre  Logotipo reflectante del felino de PUMA en la mu\u00f1eca  Etiqueta con el logotipo del felino de PUMA y la marca denominativa en la costura lateral  Material de informaci\u00f3n  Exterior: 79 % poli\u00e9ster, 10 % nailon, 7 % poliuretano, 4 % elastano                                                                                                                                                                                                                                                                                                                                                                                                                                                                                                                                                                                                                                                                                                                                                                                                                                                                                                                                                                                                                                        <\/p>\n","protected":false},"excerpt":{"rendered":"<p>GUANTES GIMNASIO NEGRO<\/p>\n","protected":false},"featured_media":52035,"template":"","meta":[],"product_brand":[],"product_cat":[342],"product_tag":[32],"class_list":{"0":"post-37594","1":"product","2":"type-product","3":"status-publish","4":"has-post-thumbnail","6":"product_cat-deportes_gimnasio_guantes","7":"product_tag-puma","8":"pa_color-unico","9":"pa_talla-m","10":"pa_talla-s","11":"thunk-woo-product-list","12":"opn-qv-enable","13":"open-woo-hover-","14":"open-single-product-tab-horizontal","15":"open-shadow-","16":"open-shadow-hover-","18":"first","19":"instock","20":"shipping-taxable","21":"purchasable","22":"product-type-variable"},"jetpack_sharing_enabled":true,"_links":{"self":[{"href":"https:\/\/www.deporteseli.com\/index.php?rest_route=\/wp\/v2\/product\/37594","targetHints":{"allow":["GET"]}}],"collection":[{"href":"https:\/\/www.deporteseli.com\/index.php?rest_route=\/wp\/v2\/product"}],"about":[{"href":"https:\/\/www.deporteseli.com\/index.php?rest_route=\/wp\/v2\/types\/product"}],"wp:featuredmedia":[{"embeddable":true,"href":"https:\/\/www.deporteseli.com\/index.php?rest_route=\/wp\/v2\/media\/52035"}],"wp:attachment":[{"href":"https:\/\/www.deporteseli.com\/index.php?rest_route=%2Fwp%2Fv2%2Fmedia&parent=37594"}],"wp:term":[{"taxonomy":"product_brand","embeddable":true,"href":"https:\/\/www.deporteseli.com\/index.php?rest_route=%2Fwp%2Fv2%2Fproduct_brand&post=37594"},{"taxonomy":"product_cat","embeddable":true,"href":"https:\/\/www.deporteseli.com\/index.php?rest_route=%2Fwp%2Fv2%2Fproduct_cat&post=37594"},{"taxonomy":"product_tag","embeddable":true,"href":"https:\/\/www.deporteseli.com\/index.php?rest_route=%2Fwp%2Fv2%2Fproduct_tag&post=37594"}],"curies":[{"name":"wp","href":"https:\/\/api.w.org\/{rel}","templated":true}]}}