{"id":37591,"date":"2026-01-27T17:48:02","date_gmt":"2026-01-27T17:48:02","guid":{"rendered":"https:\/\/www.deporteseli.com\/?product=camiseta-para-ninos-adidas-essentials"},"modified":"2026-01-27T17:48:05","modified_gmt":"2026-01-27T17:48:05","slug":"camiseta-para-ninos-adidas-essentials","status":"publish","type":"product","link":"https:\/\/www.deporteseli.com\/?product=camiseta-para-ninos-adidas-essentials","title":{"rendered":"CAMISETA PARA NI\u00f1OS ADIDAS ESSENTIALS"},"content":{"rendered":"<p>Camiseta para ni\u00f1os adidas Essentials  \u00bfQu\u00e9 es m\u00e1s esencial que una camiseta de algod\u00f3n? Nada. Excepto quiz\u00e1s uno que muestre su amor por el juego. Lleva esta camiseta junior de adidas los d\u00edas de colegio o los fines de semana y demuestra tu deportividad. El look cl\u00e1sico combina con todo, as\u00ed que puedes cogerlo por la ma\u00f1ana sin pensarlo dos veces. Nuestros productos de algod\u00f3n apoyan el cultivo sostenible del algod\u00f3n. Forma parte de nuestra ambici\u00f3n de acabar con los residuos de pl\u00e1stico. Ajuste regular                                                                                                                                                                                                                                                                                                                                                                                                                                                                                                                                                                                                                                                                                                                                                                                                                                                                                                                                                                                                                                        <\/p>\n","protected":false},"excerpt":{"rendered":"<p>CAMISETA PARA NI\u00f1OS ADIDAS ESSENTIALS<\/p>\n","protected":false},"featured_media":52031,"template":"","meta":[],"product_brand":[],"product_cat":[296],"product_tag":[18],"class_list":{"0":"post-37591","1":"product","2":"type-product","3":"status-publish","4":"has-post-thumbnail","6":"product_cat-nino_textil_camisetas","7":"product_tag-adidas","8":"pa_color-unico","9":"pa_talla-169","10":"pa_talla-t-4","11":"thunk-woo-product-list","12":"opn-qv-enable","13":"open-woo-hover-","14":"open-single-product-tab-horizontal","15":"open-shadow-","16":"open-shadow-hover-","18":"first","19":"instock","20":"shipping-taxable","21":"purchasable","22":"product-type-variable"},"jetpack_sharing_enabled":true,"_links":{"self":[{"href":"https:\/\/www.deporteseli.com\/index.php?rest_route=\/wp\/v2\/product\/37591","targetHints":{"allow":["GET"]}}],"collection":[{"href":"https:\/\/www.deporteseli.com\/index.php?rest_route=\/wp\/v2\/product"}],"about":[{"href":"https:\/\/www.deporteseli.com\/index.php?rest_route=\/wp\/v2\/types\/product"}],"wp:featuredmedia":[{"embeddable":true,"href":"https:\/\/www.deporteseli.com\/index.php?rest_route=\/wp\/v2\/media\/52031"}],"wp:attachment":[{"href":"https:\/\/www.deporteseli.com\/index.php?rest_route=%2Fwp%2Fv2%2Fmedia&parent=37591"}],"wp:term":[{"taxonomy":"product_brand","embeddable":true,"href":"https:\/\/www.deporteseli.com\/index.php?rest_route=%2Fwp%2Fv2%2Fproduct_brand&post=37591"},{"taxonomy":"product_cat","embeddable":true,"href":"https:\/\/www.deporteseli.com\/index.php?rest_route=%2Fwp%2Fv2%2Fproduct_cat&post=37591"},{"taxonomy":"product_tag","embeddable":true,"href":"https:\/\/www.deporteseli.com\/index.php?rest_route=%2Fwp%2Fv2%2Fproduct_tag&post=37591"}],"curies":[{"name":"wp","href":"https:\/\/api.w.org\/{rel}","templated":true}]}}