{"id":37587,"date":"2026-01-27T17:47:58","date_gmt":"2026-01-27T17:47:58","guid":{"rendered":"https:\/\/www.deporteseli.com\/?product=camiseta-infantil"},"modified":"2026-01-27T17:48:01","modified_gmt":"2026-01-27T17:48:01","slug":"camiseta-infantil","status":"publish","type":"product","link":"https:\/\/www.deporteseli.com\/?product=camiseta-infantil","title":{"rendered":"CAMISETA INFANTIL"},"content":{"rendered":"<p>Camiseta infantil de bloques de colores adidas  La comodidad es su m\u00e1xima prioridad. O, espera, \u00bfes el estilo? Bueno, no hace falta elegir. Consigue ambas cosas a partes iguales con esta camiseta junior de adidas. El suave tejido de algod\u00f3n ofrece la transici\u00f3n perfecta del entrenamiento al resto del d\u00eda. Obtenga una gran dosis de actitud adidas dondequiera que vaya. Nuestros productos de algod\u00f3n apoyan una cultura del algod\u00f3n m\u00e1s sostenible. Ajuste regular                                                                                                                                                                                                                                                                                                                                                                                                                                                                                                                                                                                                                                                                                                                                                                                                                                                                                                                                                                                                                                        <\/p>\n","protected":false},"excerpt":{"rendered":"<p>CAMISETA INFANTIL<\/p>\n","protected":false},"featured_media":52029,"template":"","meta":[],"product_brand":[],"product_cat":[376],"product_tag":[18],"class_list":{"0":"post-37587","1":"product","2":"type-product","3":"status-publish","4":"has-post-thumbnail","6":"product_cat-ninas_textil_camisetas","7":"product_tag-adidas","8":"pa_color-unico","9":"pa_talla-t-12","10":"pa_talla-t-14","11":"pa_talla-t-16","12":"thunk-woo-product-list","13":"opn-qv-enable","14":"open-woo-hover-","15":"open-single-product-tab-horizontal","16":"open-shadow-","17":"open-shadow-hover-","19":"first","20":"instock","21":"shipping-taxable","22":"purchasable","23":"product-type-variable"},"jetpack_sharing_enabled":true,"_links":{"self":[{"href":"https:\/\/www.deporteseli.com\/index.php?rest_route=\/wp\/v2\/product\/37587","targetHints":{"allow":["GET"]}}],"collection":[{"href":"https:\/\/www.deporteseli.com\/index.php?rest_route=\/wp\/v2\/product"}],"about":[{"href":"https:\/\/www.deporteseli.com\/index.php?rest_route=\/wp\/v2\/types\/product"}],"wp:featuredmedia":[{"embeddable":true,"href":"https:\/\/www.deporteseli.com\/index.php?rest_route=\/wp\/v2\/media\/52029"}],"wp:attachment":[{"href":"https:\/\/www.deporteseli.com\/index.php?rest_route=%2Fwp%2Fv2%2Fmedia&parent=37587"}],"wp:term":[{"taxonomy":"product_brand","embeddable":true,"href":"https:\/\/www.deporteseli.com\/index.php?rest_route=%2Fwp%2Fv2%2Fproduct_brand&post=37587"},{"taxonomy":"product_cat","embeddable":true,"href":"https:\/\/www.deporteseli.com\/index.php?rest_route=%2Fwp%2Fv2%2Fproduct_cat&post=37587"},{"taxonomy":"product_tag","embeddable":true,"href":"https:\/\/www.deporteseli.com\/index.php?rest_route=%2Fwp%2Fv2%2Fproduct_tag&post=37587"}],"curies":[{"name":"wp","href":"https:\/\/api.w.org\/{rel}","templated":true}]}}