{"id":37583,"date":"2026-01-27T17:47:53","date_gmt":"2026-01-27T17:47:53","guid":{"rendered":"https:\/\/www.deporteseli.com\/?product=pantalon-bullpadel-imano-m-negro"},"modified":"2026-03-29T04:17:38","modified_gmt":"2026-03-29T04:17:38","slug":"pantalon-bullpadel-imano-m-negro","status":"publish","type":"product","link":"https:\/\/www.deporteseli.com\/?product=pantalon-bullpadel-imano-m-negro","title":{"rendered":"PANTALON BULLPADEL IMANO M NEGRO"},"content":{"rendered":"<p>Pantal\u00f3n de felpa perchada con pu\u00f1o en el bajo y cinturilla ajustable, perfecto para jugar al padel.    Composici\u00f3n: 63% poli\u00e9ster-34% algod\u00f3n-3% elast\u00e1n, elastic french terry.    Color: negro                                                                                                                                                                                                                                                                                                                                                                                                                                                                                                                                                                                                                                                                                                                                                                                                                                                                                                                                                                                                                                        <\/p>\n","protected":false},"excerpt":{"rendered":"<p>PANTALON BULLPADEL IMANO M NEGRO<\/p>\n","protected":false},"featured_media":52025,"template":"","meta":[],"product_brand":[],"product_cat":[365],"product_tag":[21],"class_list":{"0":"post-37583","1":"product","2":"type-product","3":"status-publish","4":"has-post-thumbnail","6":"product_cat-padel_y_tenis_textil_shorts","7":"product_tag-bull_padel","8":"pa_color-unico","9":"pa_talla-m","10":"pa_talla-s","11":"pa_talla-xl","12":"thunk-woo-product-list","13":"opn-qv-enable","14":"open-woo-hover-","15":"open-single-product-tab-horizontal","16":"open-shadow-","17":"open-shadow-hover-","19":"first","20":"instock","21":"shipping-taxable","22":"purchasable","23":"product-type-variable"},"jetpack_sharing_enabled":true,"_links":{"self":[{"href":"https:\/\/www.deporteseli.com\/index.php?rest_route=\/wp\/v2\/product\/37583","targetHints":{"allow":["GET"]}}],"collection":[{"href":"https:\/\/www.deporteseli.com\/index.php?rest_route=\/wp\/v2\/product"}],"about":[{"href":"https:\/\/www.deporteseli.com\/index.php?rest_route=\/wp\/v2\/types\/product"}],"wp:featuredmedia":[{"embeddable":true,"href":"https:\/\/www.deporteseli.com\/index.php?rest_route=\/wp\/v2\/media\/52025"}],"wp:attachment":[{"href":"https:\/\/www.deporteseli.com\/index.php?rest_route=%2Fwp%2Fv2%2Fmedia&parent=37583"}],"wp:term":[{"taxonomy":"product_brand","embeddable":true,"href":"https:\/\/www.deporteseli.com\/index.php?rest_route=%2Fwp%2Fv2%2Fproduct_brand&post=37583"},{"taxonomy":"product_cat","embeddable":true,"href":"https:\/\/www.deporteseli.com\/index.php?rest_route=%2Fwp%2Fv2%2Fproduct_cat&post=37583"},{"taxonomy":"product_tag","embeddable":true,"href":"https:\/\/www.deporteseli.com\/index.php?rest_route=%2Fwp%2Fv2%2Fproduct_tag&post=37583"}],"curies":[{"name":"wp","href":"https:\/\/api.w.org\/{rel}","templated":true}]}}