{"id":37570,"date":"2026-01-27T17:47:37","date_gmt":"2026-01-27T17:47:37","guid":{"rendered":"https:\/\/www.deporteseli.com\/?product=head-boxer-701219886-2-unidades"},"modified":"2026-03-28T05:18:44","modified_gmt":"2026-03-28T05:18:44","slug":"head-boxer-701219886-2-unidades","status":"publish","type":"product","link":"https:\/\/www.deporteseli.com\/?product=head-boxer-701219886-2-unidades","title":{"rendered":"HEAD B\u00f3XER 701219886 2 UNIDADES"},"content":{"rendered":"<p>Para un rendimiento superior en un dise\u00f1o c\u00f3modo, estos calzoncillos b\u00f3xer Head son la elecci\u00f3n perfecta para esos intensos d\u00edas de entrenamiento. Presentan cinturilla el\u00e1stica con estampado Head y costuras planas para mayor comodidad. El paquete contiene dos pares.  Contenido: 95% Algod\u00f3n, 5% Elastano.                                                                                                                                                                                                                                                                                                                                                                                                                                                                                                                                                                                                                                                                                                                                                                                                                                                                                                                                                                                                                                        <\/p>\n","protected":false},"excerpt":{"rendered":"<p>HEAD B\u00f3XER 701219886 2 UNIDADES<\/p>\n","protected":false},"featured_media":52021,"template":"","meta":[],"product_brand":[],"product_cat":[249],"product_tag":[22],"class_list":{"0":"post-37570","1":"product","2":"type-product","3":"status-publish","4":"has-post-thumbnail","6":"product_cat-hombre_textil_ropa_interior","7":"product_tag-head","8":"pa_color-unico","9":"pa_talla-l","10":"pa_talla-m","11":"pa_talla-s","12":"pa_talla-xl","13":"pa_talla-xxl","14":"thunk-woo-product-list","15":"opn-qv-enable","16":"open-woo-hover-","17":"open-single-product-tab-horizontal","18":"open-shadow-","19":"open-shadow-hover-","21":"first","22":"instock","23":"shipping-taxable","24":"purchasable","25":"product-type-variable"},"jetpack_sharing_enabled":true,"_links":{"self":[{"href":"https:\/\/www.deporteseli.com\/index.php?rest_route=\/wp\/v2\/product\/37570","targetHints":{"allow":["GET"]}}],"collection":[{"href":"https:\/\/www.deporteseli.com\/index.php?rest_route=\/wp\/v2\/product"}],"about":[{"href":"https:\/\/www.deporteseli.com\/index.php?rest_route=\/wp\/v2\/types\/product"}],"wp:featuredmedia":[{"embeddable":true,"href":"https:\/\/www.deporteseli.com\/index.php?rest_route=\/wp\/v2\/media\/52021"}],"wp:attachment":[{"href":"https:\/\/www.deporteseli.com\/index.php?rest_route=%2Fwp%2Fv2%2Fmedia&parent=37570"}],"wp:term":[{"taxonomy":"product_brand","embeddable":true,"href":"https:\/\/www.deporteseli.com\/index.php?rest_route=%2Fwp%2Fv2%2Fproduct_brand&post=37570"},{"taxonomy":"product_cat","embeddable":true,"href":"https:\/\/www.deporteseli.com\/index.php?rest_route=%2Fwp%2Fv2%2Fproduct_cat&post=37570"},{"taxonomy":"product_tag","embeddable":true,"href":"https:\/\/www.deporteseli.com\/index.php?rest_route=%2Fwp%2Fv2%2Fproduct_tag&post=37570"}],"curies":[{"name":"wp","href":"https:\/\/api.w.org\/{rel}","templated":true}]}}