{"id":37561,"date":"2026-01-27T17:47:22","date_gmt":"2026-01-27T17:47:22","guid":{"rendered":"https:\/\/www.deporteseli.com\/?product=head-calcetines-unisex-performance-3p"},"modified":"2026-01-27T17:47:23","modified_gmt":"2026-01-27T17:47:23","slug":"head-calcetines-unisex-performance-3p","status":"publish","type":"product","link":"https:\/\/www.deporteseli.com\/?product=head-calcetines-unisex-performance-3p","title":{"rendered":"HEAD CALCETINES UNISEX PERFORMANCE 3P"},"content":{"rendered":"<p>Head Performance Short Crew 3P Unisex Paquete de 3.    Composici\u00f3n:    45% Poli\u00e9ster.    32% poliamida.    21% algod\u00f3n.    2% elastano.                                                                                                                                                                                                                                                                                                                                                                                                                                                                                                                                                                                                                                                                                                                                                                                                                                                                                                                                                                                                                                        <\/p>\n","protected":false},"excerpt":{"rendered":"<p>HEAD CALCETINES UNISEX PERFORMANCE 3P<\/p>\n","protected":false},"featured_media":52017,"template":"","meta":[],"product_brand":[],"product_cat":[400],"product_tag":[22],"class_list":{"0":"post-37561","1":"product","2":"type-product","3":"status-publish","4":"has-post-thumbnail","6":"product_cat-accesorios_calcetines","7":"product_tag-head","8":"pa_color-unico","9":"pa_talla-35-38","10":"thunk-woo-product-list","11":"opn-qv-enable","12":"open-woo-hover-","13":"open-single-product-tab-horizontal","14":"open-shadow-","15":"open-shadow-hover-","17":"first","18":"instock","19":"shipping-taxable","20":"purchasable","21":"product-type-variable"},"jetpack_sharing_enabled":true,"_links":{"self":[{"href":"https:\/\/www.deporteseli.com\/index.php?rest_route=\/wp\/v2\/product\/37561","targetHints":{"allow":["GET"]}}],"collection":[{"href":"https:\/\/www.deporteseli.com\/index.php?rest_route=\/wp\/v2\/product"}],"about":[{"href":"https:\/\/www.deporteseli.com\/index.php?rest_route=\/wp\/v2\/types\/product"}],"wp:featuredmedia":[{"embeddable":true,"href":"https:\/\/www.deporteseli.com\/index.php?rest_route=\/wp\/v2\/media\/52017"}],"wp:attachment":[{"href":"https:\/\/www.deporteseli.com\/index.php?rest_route=%2Fwp%2Fv2%2Fmedia&parent=37561"}],"wp:term":[{"taxonomy":"product_brand","embeddable":true,"href":"https:\/\/www.deporteseli.com\/index.php?rest_route=%2Fwp%2Fv2%2Fproduct_brand&post=37561"},{"taxonomy":"product_cat","embeddable":true,"href":"https:\/\/www.deporteseli.com\/index.php?rest_route=%2Fwp%2Fv2%2Fproduct_cat&post=37561"},{"taxonomy":"product_tag","embeddable":true,"href":"https:\/\/www.deporteseli.com\/index.php?rest_route=%2Fwp%2Fv2%2Fproduct_tag&post=37561"}],"curies":[{"name":"wp","href":"https:\/\/api.w.org\/{rel}","templated":true}]}}