{"id":37557,"date":"2026-01-27T17:47:16","date_gmt":"2026-01-27T17:47:16","guid":{"rendered":"https:\/\/www.deporteseli.com\/?product=calcetines-head-head-performance-quarter-2p-u"},"modified":"2026-01-27T17:47:18","modified_gmt":"2026-01-27T17:47:18","slug":"calcetines-head-head-performance-quarter-2p-u","status":"publish","type":"product","link":"https:\/\/www.deporteseli.com\/?product=calcetines-head-head-performance-quarter-2p-u","title":{"rendered":"CALCETINES HEAD HEAD PERFORMANCE QUARTER 2P U"},"content":{"rendered":"<p>HEAD PERFORMANCE QUARTER 2P UNISEX  Calcetines HEAD t\u00e9cnicos unisex tobilleros (pack de 2 pares)  Los calcetines HEAD t\u00e9cnicos unisex tobilleros (pack de 2 pares) ofrecen comodidad y eficiencia. Su borde c\u00f3modo evita molestias. La mezcla t\u00e9cnica de poli\u00e9ster y algod\u00f3n ofrece durabilidad y un secado r\u00e1pido. La malla en el pie permite que la temperatura se regule. El refuerzo plantar y la planta acolchada proporcionan amortiguaci\u00f3n, para que puedas superar tus l\u00edmites. Dise\u00f1o por encima del tobillo.    DETALLES  Borde c\u00f3modo  Mezcla t\u00e9cnica de poli\u00e9ster y algod\u00f3n  Malla en el pie para regular la temperatura  Refuerzo plantar y planta acolchada, que proporcionan amortiguaci\u00f3n  Calcetines tobilleros vers\u00e1tiles para hombre y mujer.                                                                                                                                                                                                                                                                                                                                                                                                                                                                                                                                                                                                                                                                                                                                                                                                                                                                                                                                                                                                                                        <\/p>\n","protected":false},"excerpt":{"rendered":"<p>CALCETINES HEAD HEAD PERFORMANCE QUARTER 2P U<\/p>\n","protected":false},"featured_media":52015,"template":"","meta":[],"product_brand":[],"product_cat":[400],"product_tag":[22],"class_list":{"0":"post-37557","1":"product","2":"type-product","3":"status-publish","4":"has-post-thumbnail","6":"product_cat-accesorios_calcetines","7":"product_tag-head","8":"pa_color-unico","9":"pa_talla-35-38","10":"thunk-woo-product-list","11":"opn-qv-enable","12":"open-woo-hover-","13":"open-single-product-tab-horizontal","14":"open-shadow-","15":"open-shadow-hover-","17":"first","18":"instock","19":"shipping-taxable","20":"purchasable","21":"product-type-variable"},"jetpack_sharing_enabled":true,"_links":{"self":[{"href":"https:\/\/www.deporteseli.com\/index.php?rest_route=\/wp\/v2\/product\/37557","targetHints":{"allow":["GET"]}}],"collection":[{"href":"https:\/\/www.deporteseli.com\/index.php?rest_route=\/wp\/v2\/product"}],"about":[{"href":"https:\/\/www.deporteseli.com\/index.php?rest_route=\/wp\/v2\/types\/product"}],"wp:featuredmedia":[{"embeddable":true,"href":"https:\/\/www.deporteseli.com\/index.php?rest_route=\/wp\/v2\/media\/52015"}],"wp:attachment":[{"href":"https:\/\/www.deporteseli.com\/index.php?rest_route=%2Fwp%2Fv2%2Fmedia&parent=37557"}],"wp:term":[{"taxonomy":"product_brand","embeddable":true,"href":"https:\/\/www.deporteseli.com\/index.php?rest_route=%2Fwp%2Fv2%2Fproduct_brand&post=37557"},{"taxonomy":"product_cat","embeddable":true,"href":"https:\/\/www.deporteseli.com\/index.php?rest_route=%2Fwp%2Fv2%2Fproduct_cat&post=37557"},{"taxonomy":"product_tag","embeddable":true,"href":"https:\/\/www.deporteseli.com\/index.php?rest_route=%2Fwp%2Fv2%2Fproduct_tag&post=37557"}],"curies":[{"name":"wp","href":"https:\/\/api.w.org\/{rel}","templated":true}]}}