{"id":37554,"date":"2026-01-27T17:47:11","date_gmt":"2026-01-27T17:47:11","guid":{"rendered":"https:\/\/www.deporteseli.com\/?product=pantalon-corto-reebok-identity-fleece-2"},"modified":"2026-01-27T17:47:14","modified_gmt":"2026-01-27T17:47:14","slug":"pantalon-corto-reebok-identity-fleece-2","status":"publish","type":"product","link":"https:\/\/www.deporteseli.com\/?product=pantalon-corto-reebok-identity-fleece-2","title":{"rendered":"PANTAL\u00f3N CORTO REEBOK IDENTITY FLEECE"},"content":{"rendered":"<p>PANTALONES CORTOS C\u00d3MODOS CON ALGOD\u00d3N PRODUCIDO DE FORMA SOSTENIBLE PARA TODOS LOS D\u00cdAS.  Luce tu look deportivo fuera del gimnasio. Estos pantalones cortos para hombre de Reebok est\u00e1n confeccionados con un suave tejido Fleece de algod\u00f3n para que puedas vivir el d\u00eda a d\u00eda con comodidad. En los bolsillos laterales siempre tienes peque\u00f1as cosas importantes a mano, mientras que la cintura el\u00e1stica con cord\u00f3n garantiza un ajuste seguro. El algod\u00f3n de nuestros productos proviene en su totalidad de fuentes sostenibles y al menos el 50 % es Better Cotton.  Detalles  El algod\u00f3n proviene de socios confiables que se enfocan principalmente en reducir el impacto ambiental de la producci\u00f3n y mejorar el desarrollo econ\u00f3mico en las regiones productoras de algod\u00f3n.  Ajustado  Material polar hecho de 70 % algod\u00f3n \/ 30 % poli\u00e9ster reciclado  Cintura el\u00e1stica con cord\u00f3n  Bolsillos laterales  Color: Gris medio jaspeado  N\u00famero de art\u00edculo: HR9162                                                                                                                                                                                                                                                                                                                                                                                                                                                                                                                                                                                                                                                                                                                                                                                                                                                                                                                                                                                                                                        <\/p>\n","protected":false},"excerpt":{"rendered":"<p>PANTAL\u00f3N CORTO REEBOK IDENTITY FLEECE<\/p>\n","protected":false},"featured_media":52012,"template":"","meta":[],"product_brand":[],"product_cat":[251],"product_tag":[41],"class_list":{"0":"post-37554","1":"product","2":"type-product","3":"status-publish","4":"has-post-thumbnail","6":"product_cat-hombre_textil_shorts","7":"product_tag-reebok","8":"pa_color-unico","9":"pa_talla-l","10":"pa_talla-s","11":"thunk-woo-product-list","12":"opn-qv-enable","13":"open-woo-hover-","14":"open-single-product-tab-horizontal","15":"open-shadow-","16":"open-shadow-hover-","18":"first","19":"instock","20":"sale","21":"shipping-taxable","22":"purchasable","23":"product-type-variable"},"jetpack_sharing_enabled":true,"_links":{"self":[{"href":"https:\/\/www.deporteseli.com\/index.php?rest_route=\/wp\/v2\/product\/37554","targetHints":{"allow":["GET"]}}],"collection":[{"href":"https:\/\/www.deporteseli.com\/index.php?rest_route=\/wp\/v2\/product"}],"about":[{"href":"https:\/\/www.deporteseli.com\/index.php?rest_route=\/wp\/v2\/types\/product"}],"wp:featuredmedia":[{"embeddable":true,"href":"https:\/\/www.deporteseli.com\/index.php?rest_route=\/wp\/v2\/media\/52012"}],"wp:attachment":[{"href":"https:\/\/www.deporteseli.com\/index.php?rest_route=%2Fwp%2Fv2%2Fmedia&parent=37554"}],"wp:term":[{"taxonomy":"product_brand","embeddable":true,"href":"https:\/\/www.deporteseli.com\/index.php?rest_route=%2Fwp%2Fv2%2Fproduct_brand&post=37554"},{"taxonomy":"product_cat","embeddable":true,"href":"https:\/\/www.deporteseli.com\/index.php?rest_route=%2Fwp%2Fv2%2Fproduct_cat&post=37554"},{"taxonomy":"product_tag","embeddable":true,"href":"https:\/\/www.deporteseli.com\/index.php?rest_route=%2Fwp%2Fv2%2Fproduct_tag&post=37554"}],"curies":[{"name":"wp","href":"https:\/\/api.w.org\/{rel}","templated":true}]}}