{"id":37552,"date":"2026-01-27T17:47:05","date_gmt":"2026-01-27T17:47:05","guid":{"rendered":"https:\/\/www.deporteseli.com\/?product=reebok-ri-logo-jogger"},"modified":"2026-01-27T17:47:09","modified_gmt":"2026-01-27T17:47:09","slug":"reebok-ri-logo-jogger","status":"publish","type":"product","link":"https:\/\/www.deporteseli.com\/?product=reebok-ri-logo-jogger","title":{"rendered":"REEBOK RI LOGO JOGGER"},"content":{"rendered":"<p>Descripci\u00f3n  Tu estilo deportivo no tiene por qu\u00e9 tomarte el d\u00eda libre solo porque te est\u00e1s tomando un descanso del ejercicio. Estos pantalones Reebok para hombre est\u00e1n confeccionados con un suave tejido Fleece para mantenerte c\u00f3modo en tus d\u00edas libres de entrenamiento. Los bolsillos laterales acomodan lo esencial y un cord\u00f3n ajustable en la cintura el\u00e1stica permite un ajuste adecuado. Nuestros productos de algod\u00f3n est\u00e1n fabricados \u00edntegramente con algod\u00f3n procedente de fuentes sostenibles y tienen al menos un 50 % de algod\u00f3n Better Cotton Pantalones c\u00f3modos para todos los d\u00edas fabricados con algod\u00f3n sostenible Dise\u00f1o cl\u00e1sico de tejido Fleece: 70 % algod\u00f3n \/ 30 % poli\u00e9ster reciclado Cord\u00f3n para ajustar en la cintura el\u00e1stica                                                                                                                                                                                                                                                                                                                                                                                                                                                                                                                                                                                                                                                                                                                                                                                                                                                                                                                                                                                                                                        <\/p>\n","protected":false},"excerpt":{"rendered":"<p>REEBOK RI LOGO JOGGER<\/p>\n","protected":false},"featured_media":52009,"template":"","meta":[],"product_brand":[],"product_cat":[252],"product_tag":[41],"class_list":{"0":"post-37552","1":"product","2":"type-product","3":"status-publish","4":"has-post-thumbnail","6":"product_cat-hombre_textil_pantalones","7":"product_tag-reebok","8":"pa_color-unico","9":"pa_talla-m","10":"thunk-woo-product-list","11":"opn-qv-enable","12":"open-woo-hover-","13":"open-single-product-tab-horizontal","14":"open-shadow-","15":"open-shadow-hover-","17":"first","18":"instock","19":"shipping-taxable","20":"purchasable","21":"product-type-variable"},"jetpack_sharing_enabled":true,"_links":{"self":[{"href":"https:\/\/www.deporteseli.com\/index.php?rest_route=\/wp\/v2\/product\/37552","targetHints":{"allow":["GET"]}}],"collection":[{"href":"https:\/\/www.deporteseli.com\/index.php?rest_route=\/wp\/v2\/product"}],"about":[{"href":"https:\/\/www.deporteseli.com\/index.php?rest_route=\/wp\/v2\/types\/product"}],"wp:featuredmedia":[{"embeddable":true,"href":"https:\/\/www.deporteseli.com\/index.php?rest_route=\/wp\/v2\/media\/52009"}],"wp:attachment":[{"href":"https:\/\/www.deporteseli.com\/index.php?rest_route=%2Fwp%2Fv2%2Fmedia&parent=37552"}],"wp:term":[{"taxonomy":"product_brand","embeddable":true,"href":"https:\/\/www.deporteseli.com\/index.php?rest_route=%2Fwp%2Fv2%2Fproduct_brand&post=37552"},{"taxonomy":"product_cat","embeddable":true,"href":"https:\/\/www.deporteseli.com\/index.php?rest_route=%2Fwp%2Fv2%2Fproduct_cat&post=37552"},{"taxonomy":"product_tag","embeddable":true,"href":"https:\/\/www.deporteseli.com\/index.php?rest_route=%2Fwp%2Fv2%2Fproduct_tag&post=37552"}],"curies":[{"name":"wp","href":"https:\/\/api.w.org\/{rel}","templated":true}]}}