{"id":37545,"date":"2026-01-27T17:46:56","date_gmt":"2026-01-27T17:46:56","guid":{"rendered":"https:\/\/www.deporteseli.com\/?product=camiseta-hayes-2"},"modified":"2026-01-27T17:46:59","modified_gmt":"2026-01-27T17:46:59","slug":"camiseta-hayes-2","status":"publish","type":"product","link":"https:\/\/www.deporteseli.com\/?product=camiseta-hayes-2","title":{"rendered":"CAMISETA HAYES"},"content":{"rendered":"<p>Incorpora una camiseta con estilo a tu armario con la camiseta ellesse Hayes. Esta camiseta de corte entallado tiene cuello de canal\u00e9 para un ajuste \u00f3ptimo, est\u00e1 confeccionada de algod\u00f3n suave y se completa con nuestro caracter\u00edstico estampado en plastisol de ellesse en el centro del pecho.  COMPOSICI\u00d3N   95% Algod\u00f3n 5% Elastano                                                                                                                                                                                                                                                                                                                                                                                                                                                                                                                                                                                                                                                                                                                                                                                                                                                                                                                                                                                                                                        <\/p>\n","protected":false},"excerpt":{"rendered":"<p>CAMISETA HAYES<\/p>\n","protected":false},"featured_media":52004,"template":"","meta":[],"product_brand":[],"product_cat":[269],"product_tag":[52],"class_list":{"0":"post-37545","1":"product","2":"type-product","3":"status-publish","4":"has-post-thumbnail","6":"product_cat-mujer_textil_camisetas","7":"product_tag-ellesse","8":"pa_color-unico","9":"pa_talla-s","10":"pa_talla-xl","11":"thunk-woo-product-list","12":"opn-qv-enable","13":"open-woo-hover-","14":"open-single-product-tab-horizontal","15":"open-shadow-","16":"open-shadow-hover-","18":"first","19":"instock","20":"shipping-taxable","21":"purchasable","22":"product-type-variable"},"jetpack_sharing_enabled":true,"_links":{"self":[{"href":"https:\/\/www.deporteseli.com\/index.php?rest_route=\/wp\/v2\/product\/37545","targetHints":{"allow":["GET"]}}],"collection":[{"href":"https:\/\/www.deporteseli.com\/index.php?rest_route=\/wp\/v2\/product"}],"about":[{"href":"https:\/\/www.deporteseli.com\/index.php?rest_route=\/wp\/v2\/types\/product"}],"wp:featuredmedia":[{"embeddable":true,"href":"https:\/\/www.deporteseli.com\/index.php?rest_route=\/wp\/v2\/media\/52004"}],"wp:attachment":[{"href":"https:\/\/www.deporteseli.com\/index.php?rest_route=%2Fwp%2Fv2%2Fmedia&parent=37545"}],"wp:term":[{"taxonomy":"product_brand","embeddable":true,"href":"https:\/\/www.deporteseli.com\/index.php?rest_route=%2Fwp%2Fv2%2Fproduct_brand&post=37545"},{"taxonomy":"product_cat","embeddable":true,"href":"https:\/\/www.deporteseli.com\/index.php?rest_route=%2Fwp%2Fv2%2Fproduct_cat&post=37545"},{"taxonomy":"product_tag","embeddable":true,"href":"https:\/\/www.deporteseli.com\/index.php?rest_route=%2Fwp%2Fv2%2Fproduct_tag&post=37545"}],"curies":[{"name":"wp","href":"https:\/\/api.w.org\/{rel}","templated":true}]}}