{"id":37537,"date":"2026-01-27T17:46:35","date_gmt":"2026-01-27T17:46:35","guid":{"rendered":"https:\/\/www.deporteseli.com\/?product=hayes-tee-camiseta-estampada"},"modified":"2026-01-27T17:46:48","modified_gmt":"2026-01-27T17:46:48","slug":"hayes-tee-camiseta-estampada","status":"publish","type":"product","link":"https:\/\/www.deporteseli.com\/?product=hayes-tee-camiseta-estampada","title":{"rendered":"HAYES TEE &#8211; CAMISETA ESTAMPADA"},"content":{"rendered":"<p>Fabricante:Ellesse  Modelo:Hayes Tee  N\u00famero de parte:SGK11399 BLACK  Temporada:Oto\u00f1o \/ Invierno 21  Material:95% algod\u00f3n   5% spandex  Color:negro    Informaci\u00f3n Adicional:  camiseta cl\u00e1sica de manga corta para mujer  ajuste regular fit  Longitud est\u00e1ndar  Cuello redondo acanalado  Tela de algod\u00f3n suave  Logotipo impreso frontal                                                                                                                                                                                                                                                                                                                                                                                                                                                                                                                                                                                                                                                                                                                                                                                                                                                                                                                                                                                                                                        <\/p>\n","protected":false},"excerpt":{"rendered":"<p>HAYES TEE &#8211; CAMISETA ESTAMPADA<\/p>\n","protected":false},"featured_media":52000,"template":"","meta":[],"product_brand":[],"product_cat":[269],"product_tag":[52],"class_list":{"0":"post-37537","1":"product","2":"type-product","3":"status-publish","4":"has-post-thumbnail","6":"product_cat-mujer_textil_camisetas","7":"product_tag-ellesse","8":"pa_color-unico","9":"pa_talla-l","10":"pa_talla-m","11":"pa_talla-s","12":"pa_talla-xl","13":"thunk-woo-product-list","14":"opn-qv-enable","15":"open-woo-hover-","16":"open-single-product-tab-horizontal","17":"open-shadow-","18":"open-shadow-hover-","20":"first","21":"instock","22":"shipping-taxable","23":"purchasable","24":"product-type-variable"},"jetpack_sharing_enabled":true,"_links":{"self":[{"href":"https:\/\/www.deporteseli.com\/index.php?rest_route=\/wp\/v2\/product\/37537","targetHints":{"allow":["GET"]}}],"collection":[{"href":"https:\/\/www.deporteseli.com\/index.php?rest_route=\/wp\/v2\/product"}],"about":[{"href":"https:\/\/www.deporteseli.com\/index.php?rest_route=\/wp\/v2\/types\/product"}],"wp:featuredmedia":[{"embeddable":true,"href":"https:\/\/www.deporteseli.com\/index.php?rest_route=\/wp\/v2\/media\/52000"}],"wp:attachment":[{"href":"https:\/\/www.deporteseli.com\/index.php?rest_route=%2Fwp%2Fv2%2Fmedia&parent=37537"}],"wp:term":[{"taxonomy":"product_brand","embeddable":true,"href":"https:\/\/www.deporteseli.com\/index.php?rest_route=%2Fwp%2Fv2%2Fproduct_brand&post=37537"},{"taxonomy":"product_cat","embeddable":true,"href":"https:\/\/www.deporteseli.com\/index.php?rest_route=%2Fwp%2Fv2%2Fproduct_cat&post=37537"},{"taxonomy":"product_tag","embeddable":true,"href":"https:\/\/www.deporteseli.com\/index.php?rest_route=%2Fwp%2Fv2%2Fproduct_tag&post=37537"}],"curies":[{"name":"wp","href":"https:\/\/api.w.org\/{rel}","templated":true}]}}