{"id":37533,"date":"2026-01-27T17:46:23","date_gmt":"2026-01-27T17:46:23","guid":{"rendered":"https:\/\/www.deporteseli.com\/?product=chandal-puma-nino"},"modified":"2026-03-07T05:20:13","modified_gmt":"2026-03-07T05:20:13","slug":"chandal-puma-nino","status":"publish","type":"product","link":"https:\/\/www.deporteseli.com\/?product=chandal-puma-nino","title":{"rendered":"CHANDAL PUMA NI\u00f1O"},"content":{"rendered":"<p>HISTORIA DEL PRODUCTO  Una combinaci\u00f3n perfecta: este elegante ch\u00e1ndal te ofrece un look urbano de la cabeza a los pies. Combina pantalones cl\u00e1sicos de bajo fruncido con una elegante sudadera de cuello alzado. Un panel con inserci\u00f3n atl\u00e9tica con la marca PUMA destacada en el pecho y la marca PUMA reflectante en la parte inferior hacen que este conjunto perfectamente calibrado tenga un ajuste perfecto. Ambos art\u00edculos cuentan con la certificaci\u00f3n bluesign\u00ae y est\u00e1n fabricados \u00edntegramente con poli\u00e9ster reciclado, lo que ayuda a fomentar un proceso de producci\u00f3n m\u00e1s sostenible.      CARACTER\u00cdSTICAS   BENEFICIOS  bluesign\u00ae: como socios del sistema bluesign\u00ae, formamos parte responsable de la cadena de valor textil comprometida con una estrategia de gesti\u00f3n de flujo de entrada limpia y segura.  Contiene material reciclado: fabricado con fibras recicladas. Una de las respuestas de PUMA para reducir su impacto medioambiental.  DETALLES  Corte est\u00e1ndar  Cierre de cremallera completa y cuello con solapa en la parte superior  Bolsillos en las costuras laterales en la prenda superior y los pantalones  Costuras laterales desplazadas hacia el frente en la prenda superior para ofrecer libertad de movimientos y un ajuste deportivo  Pu\u00f1os y cinturilla el\u00e1sticos en la parte superior  Bajos el\u00e1sticos en los pantalones  Cinturilla el\u00e1stica con cord\u00f3n interior en los pantalones  Logotipo PUMA n.\u00ba 1 estampado en goma en la parte izquierda del pecho  Logotipo PUMA n.\u00ba 1 estampado en goma en la pernera izquierda  Composici\u00f3n  Forro Del Bolsillo: 100% Poli\u00e9ster  Exterior: 100% Poli\u00e9ster                                                                                                                                                                                                                                                                                                                                                                                                                                                                                                                                                                                                                                                                                                                                                                                                                                                                                                                                                                                                                                        <\/p>\n","protected":false},"excerpt":{"rendered":"<p>CHANDAL PUMA NI\u00f1O<\/p>\n","protected":false},"featured_media":51994,"template":"","meta":[],"product_brand":[],"product_cat":[298],"product_tag":[32],"class_list":{"0":"post-37533","1":"product","2":"type-product","3":"status-publish","4":"has-post-thumbnail","6":"product_cat-nino_textil_chandals","7":"product_tag-puma","8":"pa_color-unico","9":"pa_talla-t-12","10":"thunk-woo-product-list","11":"opn-qv-enable","12":"open-woo-hover-","13":"open-single-product-tab-horizontal","14":"open-shadow-","15":"open-shadow-hover-","17":"first","18":"instock","19":"shipping-taxable","20":"purchasable","21":"product-type-variable"},"jetpack_sharing_enabled":true,"_links":{"self":[{"href":"https:\/\/www.deporteseli.com\/index.php?rest_route=\/wp\/v2\/product\/37533","targetHints":{"allow":["GET"]}}],"collection":[{"href":"https:\/\/www.deporteseli.com\/index.php?rest_route=\/wp\/v2\/product"}],"about":[{"href":"https:\/\/www.deporteseli.com\/index.php?rest_route=\/wp\/v2\/types\/product"}],"wp:featuredmedia":[{"embeddable":true,"href":"https:\/\/www.deporteseli.com\/index.php?rest_route=\/wp\/v2\/media\/51994"}],"wp:attachment":[{"href":"https:\/\/www.deporteseli.com\/index.php?rest_route=%2Fwp%2Fv2%2Fmedia&parent=37533"}],"wp:term":[{"taxonomy":"product_brand","embeddable":true,"href":"https:\/\/www.deporteseli.com\/index.php?rest_route=%2Fwp%2Fv2%2Fproduct_brand&post=37533"},{"taxonomy":"product_cat","embeddable":true,"href":"https:\/\/www.deporteseli.com\/index.php?rest_route=%2Fwp%2Fv2%2Fproduct_cat&post=37533"},{"taxonomy":"product_tag","embeddable":true,"href":"https:\/\/www.deporteseli.com\/index.php?rest_route=%2Fwp%2Fv2%2Fproduct_tag&post=37533"}],"curies":[{"name":"wp","href":"https:\/\/api.w.org\/{rel}","templated":true}]}}