{"id":37529,"date":"2026-01-27T17:46:16","date_gmt":"2026-01-27T17:46:16","guid":{"rendered":"https:\/\/www.deporteseli.com\/?product=botas-copa-sense-3-turf"},"modified":"2026-01-27T17:46:18","modified_gmt":"2026-01-27T17:46:18","slug":"botas-copa-sense-3-turf","status":"publish","type":"product","link":"https:\/\/www.deporteseli.com\/?product=botas-copa-sense-3-turf","title":{"rendered":"BOTAS COPA SENSE.3 TURF"},"content":{"rendered":"<p>DESCRIPCI\u00d3N DEL PRODUCTO  BOTAS COPA SENSE.3 TURF  MEJORA TU TOQUE CON BOTAS DE F\u00daTBOL HECHAS EN PARTE CON CONTENIDO RECICLADO.  Ama a tus compa\u00f1eros. Respeta a tus rivales. Sobre todo, haz que la pelota sea tu amiga. Siente el juego con estas botas para c\u00e9sped adidas Copa Sense para j\u00f3venes. C\u00f3modo y que abraza el pie, su parte superior sint\u00e9tica suave asegura que la pelota permanezca bajo tu influencia. La suela de goma con tacos te mantiene a la vanguardia en canchas de c\u00e9sped artificial. Fabricado en parte con contenido reciclado generado a partir de desechos de producci\u00f3n, por ejemplo, recortes y desechos dom\u00e9sticos posconsumo para evitar el mayor impacto ambiental de producir contenido virgen.  DETALLES DE PRODUCTO  Corte normal  Cierre de cordones  Empeine sint\u00e9tico suave  Suela de goma para c\u00e9sped artificial  El 25 % de los componentes utilizados para hacer la parte superior est\u00e1n fabricados con un m\u00ednimo del 50 % de contenido reciclado.                                                                                                                                                                                                                                                                                                                                                                                                                                                                                                                                                                                                                                                                                                                                                                                                                                                                                                                                                                                                                                        <\/p>\n","protected":false},"excerpt":{"rendered":"<p>BOTAS COPA SENSE.3 TURF<\/p>\n","protected":false},"featured_media":51984,"template":"","meta":[],"product_brand":[],"product_cat":[318],"product_tag":[18],"class_list":{"0":"post-37529","1":"product","2":"type-product","3":"status-publish","4":"has-post-thumbnail","6":"product_cat-deportes_futbol_botas","7":"product_tag-adidas","8":"pa_color-unico","9":"pa_talla-145","10":"thunk-woo-product-list","11":"opn-qv-enable","12":"open-woo-hover-","13":"open-single-product-tab-horizontal","14":"open-shadow-","15":"open-shadow-hover-","17":"first","18":"instock","19":"sale","20":"shipping-taxable","21":"purchasable","22":"product-type-variable"},"jetpack_sharing_enabled":true,"_links":{"self":[{"href":"https:\/\/www.deporteseli.com\/index.php?rest_route=\/wp\/v2\/product\/37529","targetHints":{"allow":["GET"]}}],"collection":[{"href":"https:\/\/www.deporteseli.com\/index.php?rest_route=\/wp\/v2\/product"}],"about":[{"href":"https:\/\/www.deporteseli.com\/index.php?rest_route=\/wp\/v2\/types\/product"}],"wp:featuredmedia":[{"embeddable":true,"href":"https:\/\/www.deporteseli.com\/index.php?rest_route=\/wp\/v2\/media\/51984"}],"wp:attachment":[{"href":"https:\/\/www.deporteseli.com\/index.php?rest_route=%2Fwp%2Fv2%2Fmedia&parent=37529"}],"wp:term":[{"taxonomy":"product_brand","embeddable":true,"href":"https:\/\/www.deporteseli.com\/index.php?rest_route=%2Fwp%2Fv2%2Fproduct_brand&post=37529"},{"taxonomy":"product_cat","embeddable":true,"href":"https:\/\/www.deporteseli.com\/index.php?rest_route=%2Fwp%2Fv2%2Fproduct_cat&post=37529"},{"taxonomy":"product_tag","embeddable":true,"href":"https:\/\/www.deporteseli.com\/index.php?rest_route=%2Fwp%2Fv2%2Fproduct_tag&post=37529"}],"curies":[{"name":"wp","href":"https:\/\/api.w.org\/{rel}","templated":true}]}}