{"id":37522,"date":"2026-01-27T17:46:01","date_gmt":"2026-01-27T17:46:01","guid":{"rendered":"https:\/\/www.deporteseli.com\/?product=reebok-xt-sprinter-2-alt-2"},"modified":"2026-03-28T05:18:37","modified_gmt":"2026-03-28T05:18:37","slug":"reebok-xt-sprinter-2-alt-2","status":"publish","type":"product","link":"https:\/\/www.deporteseli.com\/?product=reebok-xt-sprinter-2-alt-2","title":{"rendered":"REEBOK XT SPRINTER 2 ALT"},"content":{"rendered":"<p>UNA ZAPATILLA INSPIRADA EN EL RUNNING CON UN DISE\u00d1O SIN CORDONES.  Cuanto antes empiece a correr, antes alcanzar\u00e1 la meta. Esta zapatilla para ni\u00f1as viene con un dise\u00f1o sin cordones muy f\u00e1cil de poner, y le proporciona toda la sujeci\u00f3n que necesita para empezar a dar sus primeros pasos. La parte superior de piel resiste las rozaduras y las salpicaduras, mientras que la suela de caucho le proporciona todo el agarre que necesita.  Parte superior de piel y tela.  Cierre de cordones el\u00e1sticos.  Mediasuela de EVA.  Forro de tela.  Suela de caucho.  Color del art\u00edculo: Vector Navy \/ Pink Glow \/ Hint Mint  N\u00famero de art\u00edculo: GW1219                                                                                                                                                                                                                                                                                                                                                                                                                                                                                                                                                                                                                                                                                                                                                                                                                                                                                                                                                                                                                                        <\/p>\n","protected":false},"excerpt":{"rendered":"<p>REEBOK XT SPRINTER 2 ALT<\/p>\n","protected":false},"featured_media":51967,"template":"","meta":[],"product_brand":[],"product_cat":[237],"product_tag":[41],"class_list":{"0":"post-37522","1":"product","2":"type-product","3":"status-publish","4":"has-post-thumbnail","6":"product_cat-outlet_calzado","7":"product_tag-reebok","8":"pa_color-unico","9":"pa_talla-t-20","10":"pa_talla-t-21","11":"thunk-woo-product-list","12":"opn-qv-enable","13":"open-woo-hover-","14":"open-single-product-tab-horizontal","15":"open-shadow-","16":"open-shadow-hover-","18":"first","19":"instock","20":"shipping-taxable","21":"purchasable","22":"product-type-variable"},"jetpack_sharing_enabled":true,"_links":{"self":[{"href":"https:\/\/www.deporteseli.com\/index.php?rest_route=\/wp\/v2\/product\/37522","targetHints":{"allow":["GET"]}}],"collection":[{"href":"https:\/\/www.deporteseli.com\/index.php?rest_route=\/wp\/v2\/product"}],"about":[{"href":"https:\/\/www.deporteseli.com\/index.php?rest_route=\/wp\/v2\/types\/product"}],"wp:featuredmedia":[{"embeddable":true,"href":"https:\/\/www.deporteseli.com\/index.php?rest_route=\/wp\/v2\/media\/51967"}],"wp:attachment":[{"href":"https:\/\/www.deporteseli.com\/index.php?rest_route=%2Fwp%2Fv2%2Fmedia&parent=37522"}],"wp:term":[{"taxonomy":"product_brand","embeddable":true,"href":"https:\/\/www.deporteseli.com\/index.php?rest_route=%2Fwp%2Fv2%2Fproduct_brand&post=37522"},{"taxonomy":"product_cat","embeddable":true,"href":"https:\/\/www.deporteseli.com\/index.php?rest_route=%2Fwp%2Fv2%2Fproduct_cat&post=37522"},{"taxonomy":"product_tag","embeddable":true,"href":"https:\/\/www.deporteseli.com\/index.php?rest_route=%2Fwp%2Fv2%2Fproduct_tag&post=37522"}],"curies":[{"name":"wp","href":"https:\/\/api.w.org\/{rel}","templated":true}]}}