{"id":37515,"date":"2026-01-27T17:45:48","date_gmt":"2026-01-27T17:45:48","guid":{"rendered":"https:\/\/www.deporteseli.com\/?product=pantalon-corto-reebok-identity-fleece"},"modified":"2026-01-27T17:45:50","modified_gmt":"2026-01-27T17:45:50","slug":"pantalon-corto-reebok-identity-fleece","status":"publish","type":"product","link":"https:\/\/www.deporteseli.com\/?product=pantalon-corto-reebok-identity-fleece","title":{"rendered":"PANTAL\u00f3N CORTO REEBOK IDENTITY FLEECE"},"content":{"rendered":"<p>PANTALONES CORTOS C\u00d3MODOS PARA USO DIARIO, HECHOS DE ALGOD\u00d3N PRODUCIDO DE MANERA SOSTENIBLE.  Lleva tu estilo atl\u00e9tico m\u00e1s all\u00e1 del gimnasio. Estos shorts Reebok para hombre est\u00e1n hechos para la comodidad diaria, con una construcci\u00f3n de vell\u00f3n de algod\u00f3n que se siente suave y acogedor. Los bolsillos laterales mantienen los art\u00edculos b\u00e1sicos peque\u00f1os a mano, y un cord\u00f3n en la cintura el\u00e1stica te permite ajustar el ajuste. Nuestros productos de algod\u00f3n provienen en su totalidad de cultivos de algod\u00f3n sostenibles y est\u00e1n fabricados con al menos un 50 % de Better Cotton.  Obtenido de socios confiables que priorizan un enfoque en la reducci\u00f3n del impacto ambiental de la producci\u00f3n y la mejora del desarrollo econ\u00f3mico en las \u00e1reas productoras de algod\u00f3n.  Ajustado  Forro polar 70 % algod\u00f3n \/ 30 % poli\u00e9ster reciclado  Cord\u00f3n en la cintura el\u00e1stica  Bolsillos laterales  De color negro  C\u00f3digo de producto: HR6998                                                                                                                                                                                                                                                                                                                                                                                                                                                                                                                                                                                                                                                                                                                                                                                                                                                                                                                                                                                                                                        <\/p>\n","protected":false},"excerpt":{"rendered":"<p>PANTAL\u00f3N CORTO REEBOK IDENTITY FLEECE<\/p>\n","protected":false},"featured_media":51961,"template":"","meta":[],"product_brand":[],"product_cat":[251],"product_tag":[41],"class_list":{"0":"post-37515","1":"product","2":"type-product","3":"status-publish","4":"has-post-thumbnail","6":"product_cat-hombre_textil_shorts","7":"product_tag-reebok","8":"pa_color-unico","9":"pa_talla-l","10":"thunk-woo-product-list","11":"opn-qv-enable","12":"open-woo-hover-","13":"open-single-product-tab-horizontal","14":"open-shadow-","15":"open-shadow-hover-","17":"first","18":"instock","19":"shipping-taxable","20":"purchasable","21":"product-type-variable"},"jetpack_sharing_enabled":true,"_links":{"self":[{"href":"https:\/\/www.deporteseli.com\/index.php?rest_route=\/wp\/v2\/product\/37515","targetHints":{"allow":["GET"]}}],"collection":[{"href":"https:\/\/www.deporteseli.com\/index.php?rest_route=\/wp\/v2\/product"}],"about":[{"href":"https:\/\/www.deporteseli.com\/index.php?rest_route=\/wp\/v2\/types\/product"}],"wp:featuredmedia":[{"embeddable":true,"href":"https:\/\/www.deporteseli.com\/index.php?rest_route=\/wp\/v2\/media\/51961"}],"wp:attachment":[{"href":"https:\/\/www.deporteseli.com\/index.php?rest_route=%2Fwp%2Fv2%2Fmedia&parent=37515"}],"wp:term":[{"taxonomy":"product_brand","embeddable":true,"href":"https:\/\/www.deporteseli.com\/index.php?rest_route=%2Fwp%2Fv2%2Fproduct_brand&post=37515"},{"taxonomy":"product_cat","embeddable":true,"href":"https:\/\/www.deporteseli.com\/index.php?rest_route=%2Fwp%2Fv2%2Fproduct_cat&post=37515"},{"taxonomy":"product_tag","embeddable":true,"href":"https:\/\/www.deporteseli.com\/index.php?rest_route=%2Fwp%2Fv2%2Fproduct_tag&post=37515"}],"curies":[{"name":"wp","href":"https:\/\/api.w.org\/{rel}","templated":true}]}}