{"id":37512,"date":"2026-01-27T17:45:41","date_gmt":"2026-01-27T17:45:41","guid":{"rendered":"https:\/\/www.deporteseli.com\/?product=sudadera-reebok-identity-zip-up"},"modified":"2026-02-21T05:17:39","modified_gmt":"2026-02-21T05:17:39","slug":"sudadera-reebok-identity-zip-up","status":"publish","type":"product","link":"https:\/\/www.deporteseli.com\/?product=sudadera-reebok-identity-zip-up","title":{"rendered":"SUDADERA REEBOK IDENTITY ZIP-UP"},"content":{"rendered":"<p>UNA SUDADERA DE CORTE ENTALLADO CON UN INTERIOR SUAVE, CONFECCIONADA CON BETTER COTTON.  Rel\u00e1jate con tu estilo m\u00e1s deportivo. Esta sudadera Reebok para mujer es muy c\u00f3moda y agradable gracias a su agradable tejido de felpa. Viene con una cremallera completa y una capucha ajustable que se adapta a las necesidades del d\u00eda.    Nuestros productos de algod\u00f3n se crean en su totalidad a trav\u00e9s del cultivo de algod\u00f3n sostenible y est\u00e1n hechos con al menos un 50 % de Better Cotton.  Utilizamos material procedente de socios de confianza que intentan reducir el impacto ambiental de sus m\u00e9todos de producci\u00f3n y mejorar las condiciones econ\u00f3micas en las \u00e1reas donde se produce el algod\u00f3n.  Ajuste ce\u00f1ido.  Felpa, 77 % algod\u00f3n \/ 23 % poli\u00e9ster reciclado.  Dise\u00f1o con cremallera completa y capucha ajustable.  Bolsillos tipo canguro.  Color del art\u00edculo: Black  N\u00famero de art\u00edculo: HA4328                                                                                                                                                                                                                                                                                                                                                                                                                                                                                                                                                                                                                                                                                                                                                                                                                                                                                                                                                                                                                                        <\/p>\n","protected":false},"excerpt":{"rendered":"<p>SUDADERA REEBOK IDENTITY ZIP-UP<\/p>\n","protected":false},"featured_media":51958,"template":"","meta":[],"product_brand":[],"product_cat":[279],"product_tag":[41],"class_list":{"0":"post-37512","1":"product","2":"type-product","3":"status-publish","4":"has-post-thumbnail","6":"product_cat-mujer_textil_sudaderas","7":"product_tag-reebok","8":"pa_color-unico","9":"pa_talla-l","10":"pa_talla-m","11":"thunk-woo-product-list","12":"opn-qv-enable","13":"open-woo-hover-","14":"open-single-product-tab-horizontal","15":"open-shadow-","16":"open-shadow-hover-","18":"first","19":"instock","20":"shipping-taxable","21":"purchasable","22":"product-type-variable"},"jetpack_sharing_enabled":true,"_links":{"self":[{"href":"https:\/\/www.deporteseli.com\/index.php?rest_route=\/wp\/v2\/product\/37512","targetHints":{"allow":["GET"]}}],"collection":[{"href":"https:\/\/www.deporteseli.com\/index.php?rest_route=\/wp\/v2\/product"}],"about":[{"href":"https:\/\/www.deporteseli.com\/index.php?rest_route=\/wp\/v2\/types\/product"}],"wp:featuredmedia":[{"embeddable":true,"href":"https:\/\/www.deporteseli.com\/index.php?rest_route=\/wp\/v2\/media\/51958"}],"wp:attachment":[{"href":"https:\/\/www.deporteseli.com\/index.php?rest_route=%2Fwp%2Fv2%2Fmedia&parent=37512"}],"wp:term":[{"taxonomy":"product_brand","embeddable":true,"href":"https:\/\/www.deporteseli.com\/index.php?rest_route=%2Fwp%2Fv2%2Fproduct_brand&post=37512"},{"taxonomy":"product_cat","embeddable":true,"href":"https:\/\/www.deporteseli.com\/index.php?rest_route=%2Fwp%2Fv2%2Fproduct_cat&post=37512"},{"taxonomy":"product_tag","embeddable":true,"href":"https:\/\/www.deporteseli.com\/index.php?rest_route=%2Fwp%2Fv2%2Fproduct_tag&post=37512"}],"curies":[{"name":"wp","href":"https:\/\/api.w.org\/{rel}","templated":true}]}}