{"id":37507,"date":"2026-01-27T17:45:32","date_gmt":"2026-01-27T17:45:32","guid":{"rendered":"https:\/\/www.deporteseli.com\/?product=reebok-xt-sprinter-2-alt"},"modified":"2026-02-12T19:20:55","modified_gmt":"2026-02-12T19:20:55","slug":"reebok-xt-sprinter-2-alt","status":"publish","type":"product","link":"https:\/\/www.deporteseli.com\/?product=reebok-xt-sprinter-2-alt","title":{"rendered":"REEBOK XT SPRINTER 2 ALT"},"content":{"rendered":"<p>UNA ZAPATILLA INSPIRADA EN EL RUNNING CON UN DISE\u00d1O SIN CORDONES.  Cuanto antes empiece a correr, antes alcanzar\u00e1 la meta. Esta zapatilla para ni\u00f1os viene con un dise\u00f1o sin cordones muy f\u00e1cil de poner, y le proporciona toda la sujeci\u00f3n que necesita para empezar a dar sus primeros pasos. La parte superior de piel resiste las rozaduras y las salpicaduras, mientras que la suela de caucho le proporciona todo el agarre que necesita.  Parte superior de piel y tela.  Dise\u00f1o tipo calcet\u00edn con cordones el\u00e1sticos.  Mediasuela de EVA.  Forro de tela.  Suela de caucho.  Color del art\u00edculo: Core Black \/ Acid Yellow \/ Vector Red  N\u00famero de art\u00edculo: GW1222                                                                                                                                                                                                                                                                                                                                                                                                                                                                                                                                                                                                                                                                                                                                                                                                                                                                                                                                                                                                                                        <\/p>\n","protected":false},"excerpt":{"rendered":"<p>REEBOK XT SPRINTER 2 ALT<\/p>\n","protected":false},"featured_media":51948,"template":"","meta":[],"product_brand":[],"product_cat":[237],"product_tag":[40],"class_list":{"0":"post-37507","1":"product","2":"type-product","3":"status-publish","4":"has-post-thumbnail","6":"product_cat-outlet_calzado","7":"product_tag-mosconi","8":"pa_color-unico","9":"pa_talla-113","10":"pa_talla-23-5","11":"pa_talla-t-19","12":"pa_talla-t-21","13":"thunk-woo-product-list","14":"opn-qv-enable","15":"open-woo-hover-","16":"open-single-product-tab-horizontal","17":"open-shadow-","18":"open-shadow-hover-","20":"first","21":"instock","22":"shipping-taxable","23":"purchasable","24":"product-type-variable"},"jetpack_sharing_enabled":true,"_links":{"self":[{"href":"https:\/\/www.deporteseli.com\/index.php?rest_route=\/wp\/v2\/product\/37507","targetHints":{"allow":["GET"]}}],"collection":[{"href":"https:\/\/www.deporteseli.com\/index.php?rest_route=\/wp\/v2\/product"}],"about":[{"href":"https:\/\/www.deporteseli.com\/index.php?rest_route=\/wp\/v2\/types\/product"}],"wp:featuredmedia":[{"embeddable":true,"href":"https:\/\/www.deporteseli.com\/index.php?rest_route=\/wp\/v2\/media\/51948"}],"wp:attachment":[{"href":"https:\/\/www.deporteseli.com\/index.php?rest_route=%2Fwp%2Fv2%2Fmedia&parent=37507"}],"wp:term":[{"taxonomy":"product_brand","embeddable":true,"href":"https:\/\/www.deporteseli.com\/index.php?rest_route=%2Fwp%2Fv2%2Fproduct_brand&post=37507"},{"taxonomy":"product_cat","embeddable":true,"href":"https:\/\/www.deporteseli.com\/index.php?rest_route=%2Fwp%2Fv2%2Fproduct_cat&post=37507"},{"taxonomy":"product_tag","embeddable":true,"href":"https:\/\/www.deporteseli.com\/index.php?rest_route=%2Fwp%2Fv2%2Fproduct_tag&post=37507"}],"curies":[{"name":"wp","href":"https:\/\/api.w.org\/{rel}","templated":true}]}}