{"id":37496,"date":"2026-01-27T17:45:15","date_gmt":"2026-01-27T17:45:15","guid":{"rendered":"https:\/\/www.deporteseli.com\/?product=sudadera-con-capucha-negra-de-mujer"},"modified":"2026-01-27T17:45:19","modified_gmt":"2026-01-27T17:45:19","slug":"sudadera-con-capucha-negra-de-mujer","status":"publish","type":"product","link":"https:\/\/www.deporteseli.com\/?product=sudadera-con-capucha-negra-de-mujer","title":{"rendered":"SUDADERA CON CAPUCHA NEGRA DE MUJER"},"content":{"rendered":"<p>Con la idea de mejorar los b\u00e1sicos, hemos actualizado esta sudadera con capucha Gym Vintage con un ajuste m\u00e1s amplio y un tejido de jersey de algod\u00f3n pulido. Este suave tejido Knit se acent\u00faa con un toque de color que crea sutiles cambios en el matiz para ofrecer un look vintage de invierno.algod\u00f3n org\u00e1nico.                                                                                                                                                                                                                                                                                                                                                                                                                                                                                                                                                                                                                                                                                                                                                                                                                                                                                                                                                                                                                                        <\/p>\n","protected":false},"excerpt":{"rendered":"<p>SUDADERA CON CAPUCHA NEGRA DE MUJER<\/p>\n","protected":false},"featured_media":51930,"template":"","meta":[],"product_brand":[],"product_cat":[279],"product_tag":[37],"class_list":{"0":"post-37496","1":"product","2":"type-product","3":"status-publish","4":"has-post-thumbnail","6":"product_cat-mujer_textil_sudaderas","7":"product_tag-nike","8":"pa_color-unico","9":"pa_talla-l","10":"pa_talla-m","11":"pa_talla-s","12":"thunk-woo-product-list","13":"opn-qv-enable","14":"open-woo-hover-","15":"open-single-product-tab-horizontal","16":"open-shadow-","17":"open-shadow-hover-","19":"first","20":"instock","21":"shipping-taxable","22":"purchasable","23":"product-type-variable"},"jetpack_sharing_enabled":true,"_links":{"self":[{"href":"https:\/\/www.deporteseli.com\/index.php?rest_route=\/wp\/v2\/product\/37496","targetHints":{"allow":["GET"]}}],"collection":[{"href":"https:\/\/www.deporteseli.com\/index.php?rest_route=\/wp\/v2\/product"}],"about":[{"href":"https:\/\/www.deporteseli.com\/index.php?rest_route=\/wp\/v2\/types\/product"}],"wp:featuredmedia":[{"embeddable":true,"href":"https:\/\/www.deporteseli.com\/index.php?rest_route=\/wp\/v2\/media\/51930"}],"wp:attachment":[{"href":"https:\/\/www.deporteseli.com\/index.php?rest_route=%2Fwp%2Fv2%2Fmedia&parent=37496"}],"wp:term":[{"taxonomy":"product_brand","embeddable":true,"href":"https:\/\/www.deporteseli.com\/index.php?rest_route=%2Fwp%2Fv2%2Fproduct_brand&post=37496"},{"taxonomy":"product_cat","embeddable":true,"href":"https:\/\/www.deporteseli.com\/index.php?rest_route=%2Fwp%2Fv2%2Fproduct_cat&post=37496"},{"taxonomy":"product_tag","embeddable":true,"href":"https:\/\/www.deporteseli.com\/index.php?rest_route=%2Fwp%2Fv2%2Fproduct_tag&post=37496"}],"curies":[{"name":"wp","href":"https:\/\/api.w.org\/{rel}","templated":true}]}}