{"id":37488,"date":"2026-01-27T17:45:02","date_gmt":"2026-01-27T17:45:02","guid":{"rendered":"https:\/\/www.deporteseli.com\/?product=camiseta-sin-mangas-essentials-big-logo"},"modified":"2026-01-27T17:45:04","modified_gmt":"2026-01-27T17:45:04","slug":"camiseta-sin-mangas-essentials-big-logo","status":"publish","type":"product","link":"https:\/\/www.deporteseli.com\/?product=camiseta-sin-mangas-essentials-big-logo","title":{"rendered":"CAMISETA SIN MANGAS ESSENTIALS BIG LOGO"},"content":{"rendered":"<p>ESTILO DEPORTIVO ARROLLADOR  Es hora de destacar. Ponte esta camiseta sin mangas adidas para entrenar con tus amigos o animar a tu equipo en la grada. Luce un gran logotipo de adidas con las ic\u00f3nicas 3 bandas en la parte frontal.    Compra nuestros productos de algod\u00f3n para apoyar un cultivo de algod\u00f3n m\u00e1s sostenible.                                                                                                                                                                                                                                                                                                                                                                                                                                                                                                                                                                                                                                                                                                                                                                                                                                                                                                                                                                                                                                        <\/p>\n","protected":false},"excerpt":{"rendered":"<p>CAMISETA SIN MANGAS ESSENTIALS BIG LOGO<\/p>\n","protected":false},"featured_media":51919,"template":"","meta":[],"product_brand":[],"product_cat":[245],"product_tag":[18],"class_list":{"0":"post-37488","1":"product","2":"type-product","3":"status-publish","4":"has-post-thumbnail","6":"product_cat-hombre_textil_camisetas","7":"product_tag-adidas","8":"pa_color-unico","9":"pa_talla-l","10":"thunk-woo-product-list","11":"opn-qv-enable","12":"open-woo-hover-","13":"open-single-product-tab-horizontal","14":"open-shadow-","15":"open-shadow-hover-","17":"first","18":"instock","19":"shipping-taxable","20":"purchasable","21":"product-type-variable"},"jetpack_sharing_enabled":true,"_links":{"self":[{"href":"https:\/\/www.deporteseli.com\/index.php?rest_route=\/wp\/v2\/product\/37488","targetHints":{"allow":["GET"]}}],"collection":[{"href":"https:\/\/www.deporteseli.com\/index.php?rest_route=\/wp\/v2\/product"}],"about":[{"href":"https:\/\/www.deporteseli.com\/index.php?rest_route=\/wp\/v2\/types\/product"}],"wp:featuredmedia":[{"embeddable":true,"href":"https:\/\/www.deporteseli.com\/index.php?rest_route=\/wp\/v2\/media\/51919"}],"wp:attachment":[{"href":"https:\/\/www.deporteseli.com\/index.php?rest_route=%2Fwp%2Fv2%2Fmedia&parent=37488"}],"wp:term":[{"taxonomy":"product_brand","embeddable":true,"href":"https:\/\/www.deporteseli.com\/index.php?rest_route=%2Fwp%2Fv2%2Fproduct_brand&post=37488"},{"taxonomy":"product_cat","embeddable":true,"href":"https:\/\/www.deporteseli.com\/index.php?rest_route=%2Fwp%2Fv2%2Fproduct_cat&post=37488"},{"taxonomy":"product_tag","embeddable":true,"href":"https:\/\/www.deporteseli.com\/index.php?rest_route=%2Fwp%2Fv2%2Fproduct_tag&post=37488"}],"curies":[{"name":"wp","href":"https:\/\/api.w.org\/{rel}","templated":true}]}}