{"id":37486,"date":"2026-01-27T17:44:58","date_gmt":"2026-01-27T17:44:58","guid":{"rendered":"https:\/\/www.deporteseli.com\/?product=leggings-de-tiro-medio-7-8-para-mujer"},"modified":"2026-01-27T17:45:01","modified_gmt":"2026-01-27T17:45:01","slug":"leggings-de-tiro-medio-7-8-para-mujer","status":"publish","type":"product","link":"https:\/\/www.deporteseli.com\/?product=leggings-de-tiro-medio-7-8-para-mujer","title":{"rendered":"LEGGINGS DE TIRO MEDIO 7\/8 PARA MUJER"},"content":{"rendered":"<p>EL MISMO ESTILO Y COMODIDAD. AJUSTE M\u00c1S CORTO.      Los leggings Nike Sportswear Essential 7\/8 te ayudan a llevar la atenci\u00f3n en tu calzado. El logotipo de Swoosh simple en el tobillo mejora el look y la pretina el\u00e1stica proporciona una sensaci\u00f3n de comodidad y ajuste.      Comodidad absorbente de sudor    Esta tela suave y el\u00e1stica ayuda a absorber el sudor del cuerpo para mantenerte fresca y seca durante todo el d\u00eda.      Dise\u00f1o de tiro medio    El dise\u00f1o de tiro medio anat\u00f3mico ofrece un ajuste c\u00f3modo que se ubica justo debajo del ombligo.      Pretina el\u00e1stica    La pretina el\u00e1stica proporciona una sensaci\u00f3n c\u00f3moda y entallada.      Datos del producto    Ajuste ce\u00f1ido que se adapta al cuerpo  61% algod\u00f3n, 33% poli\u00e9ster, 6% spandex  Lavar a m\u00e1quina  Producto importado  Color que se muestra: Gris oscuro jaspeado\/Blanco  Estilo: CZ8532-063                                                                                                                                                                                                                                                                                                                                                                                                                                                                                                                                                                                                                                                                                                                                                                                                                                                                                                                                                                                                                                        <\/p>\n","protected":false},"excerpt":{"rendered":"<p>LEGGINGS DE TIRO MEDIO 7\/8 PARA MUJER<\/p>\n","protected":false},"featured_media":51917,"template":"","meta":[],"product_brand":[],"product_cat":[281],"product_tag":[37],"class_list":{"0":"post-37486","1":"product","2":"type-product","3":"status-publish","4":"has-post-thumbnail","6":"product_cat-mujer_textil_mallas","7":"product_tag-nike","8":"pa_color-unico","9":"pa_talla-m","10":"thunk-woo-product-list","11":"opn-qv-enable","12":"open-woo-hover-","13":"open-single-product-tab-horizontal","14":"open-shadow-","15":"open-shadow-hover-","17":"first","18":"instock","19":"shipping-taxable","20":"purchasable","21":"product-type-variable"},"jetpack_sharing_enabled":true,"_links":{"self":[{"href":"https:\/\/www.deporteseli.com\/index.php?rest_route=\/wp\/v2\/product\/37486","targetHints":{"allow":["GET"]}}],"collection":[{"href":"https:\/\/www.deporteseli.com\/index.php?rest_route=\/wp\/v2\/product"}],"about":[{"href":"https:\/\/www.deporteseli.com\/index.php?rest_route=\/wp\/v2\/types\/product"}],"wp:featuredmedia":[{"embeddable":true,"href":"https:\/\/www.deporteseli.com\/index.php?rest_route=\/wp\/v2\/media\/51917"}],"wp:attachment":[{"href":"https:\/\/www.deporteseli.com\/index.php?rest_route=%2Fwp%2Fv2%2Fmedia&parent=37486"}],"wp:term":[{"taxonomy":"product_brand","embeddable":true,"href":"https:\/\/www.deporteseli.com\/index.php?rest_route=%2Fwp%2Fv2%2Fproduct_brand&post=37486"},{"taxonomy":"product_cat","embeddable":true,"href":"https:\/\/www.deporteseli.com\/index.php?rest_route=%2Fwp%2Fv2%2Fproduct_cat&post=37486"},{"taxonomy":"product_tag","embeddable":true,"href":"https:\/\/www.deporteseli.com\/index.php?rest_route=%2Fwp%2Fv2%2Fproduct_tag&post=37486"}],"curies":[{"name":"wp","href":"https:\/\/api.w.org\/{rel}","templated":true}]}}