{"id":37484,"date":"2026-01-27T17:44:56","date_gmt":"2026-01-27T17:44:56","guid":{"rendered":"https:\/\/www.deporteseli.com\/?product=camiseta-nike-basic-futura-ar5088-112"},"modified":"2026-01-27T17:44:58","modified_gmt":"2026-01-27T17:44:58","slug":"camiseta-nike-basic-futura-ar5088-112","status":"publish","type":"product","link":"https:\/\/www.deporteseli.com\/?product=camiseta-nike-basic-futura-ar5088-112","title":{"rendered":"CAMISETA NIKE BASIC FUTURA AR5088-112"},"content":{"rendered":"<p>El dise\u00f1o cl\u00e1sico de cuello a la caja y la parte trasera m\u00e1s larga de la camiseta Nike Sportswear juegan con un look casual. Su tejido suave y ligero aporta comodidad, para que disfrute de todo un d\u00eda de diversi\u00f3n. Tejido de algod\u00f3n suave y c\u00f3modo. Parte posterior m\u00e1s larga para una mayor protecci\u00f3n. Cuello el\u00e1stico. 100% ALGOD\u00d3N.                                                                                                                                                                                                                                                                                                                                                                                                                                                                                                                                                                                                                                                                                                                                                                                                                                                                                                                                                                                                                                        <\/p>\n","protected":false},"excerpt":{"rendered":"<p>CAMISETA NIKE BASIC FUTURA AR5088-112<\/p>\n","protected":false},"featured_media":51916,"template":"","meta":[],"product_brand":[],"product_cat":[376],"product_tag":[37],"class_list":{"0":"post-37484","1":"product","2":"type-product","3":"status-publish","4":"has-post-thumbnail","6":"product_cat-ninas_textil_camisetas","7":"product_tag-nike","8":"pa_color-unico","9":"pa_talla-s","10":"thunk-woo-product-list","11":"opn-qv-enable","12":"open-woo-hover-","13":"open-single-product-tab-horizontal","14":"open-shadow-","15":"open-shadow-hover-","17":"first","18":"instock","19":"shipping-taxable","20":"purchasable","21":"product-type-variable"},"jetpack_sharing_enabled":true,"_links":{"self":[{"href":"https:\/\/www.deporteseli.com\/index.php?rest_route=\/wp\/v2\/product\/37484","targetHints":{"allow":["GET"]}}],"collection":[{"href":"https:\/\/www.deporteseli.com\/index.php?rest_route=\/wp\/v2\/product"}],"about":[{"href":"https:\/\/www.deporteseli.com\/index.php?rest_route=\/wp\/v2\/types\/product"}],"wp:featuredmedia":[{"embeddable":true,"href":"https:\/\/www.deporteseli.com\/index.php?rest_route=\/wp\/v2\/media\/51916"}],"wp:attachment":[{"href":"https:\/\/www.deporteseli.com\/index.php?rest_route=%2Fwp%2Fv2%2Fmedia&parent=37484"}],"wp:term":[{"taxonomy":"product_brand","embeddable":true,"href":"https:\/\/www.deporteseli.com\/index.php?rest_route=%2Fwp%2Fv2%2Fproduct_brand&post=37484"},{"taxonomy":"product_cat","embeddable":true,"href":"https:\/\/www.deporteseli.com\/index.php?rest_route=%2Fwp%2Fv2%2Fproduct_cat&post=37484"},{"taxonomy":"product_tag","embeddable":true,"href":"https:\/\/www.deporteseli.com\/index.php?rest_route=%2Fwp%2Fv2%2Fproduct_tag&post=37484"}],"curies":[{"name":"wp","href":"https:\/\/api.w.org\/{rel}","templated":true}]}}