{"id":37478,"date":"2026-01-27T17:44:49","date_gmt":"2026-01-27T17:44:49","guid":{"rendered":"https:\/\/www.deporteseli.com\/?product=tensaur-sport-zapatos-de-entrenamiento-con-co"},"modified":"2026-02-28T05:17:58","modified_gmt":"2026-02-28T05:17:58","slug":"tensaur-sport-zapatos-de-entrenamiento-con-co","status":"publish","type":"product","link":"https:\/\/www.deporteseli.com\/?product=tensaur-sport-zapatos-de-entrenamiento-con-co","title":{"rendered":"TENSAUR SPORT ZAPATOS DE ENTRENAMIENTO CON CO"},"content":{"rendered":"<p>DEPORTIVAS F\u00c1CILES DE MOVER HECHAS EN PARTE CON MATERIALES RECICLADOS.  Los ni\u00f1os que est\u00e1n aprendiendo nuevas habilidades necesitan zapatos que se muevan con ellos. Estos tenis cl\u00e1sicos de adidas tienen una suela exterior de goma que se siente suave para correr pero que no marca los pisos de madera. As\u00ed que funcionar\u00e1n igual de bien para la escuela que para la pr\u00e1ctica deportiva. Fabricada con una serie de materiales reciclados, esta parte superior presenta al menos un 50 % de contenido reciclado. Este producto representa solo una de nuestras soluciones para ayudar a acabar con los residuos pl\u00e1sticos.                                                                                                                                                                                                                                                                                                                                                                                                                                                                                                                                                                                                                                                                                                                                                                                                                                                                                                                                                                                                                                        <\/p>\n","protected":false},"excerpt":{"rendered":"<p>TENSAUR SPORT ZAPATOS DE ENTRENAMIENTO CON CO<\/p>\n","protected":false},"featured_media":51908,"template":"","meta":[],"product_brand":[],"product_cat":[310],"product_tag":[18],"class_list":{"0":"post-37478","1":"product","2":"type-product","3":"status-publish","4":"has-post-thumbnail","6":"product_cat-nino_calzado_casual","7":"product_tag-adidas","8":"pa_color-unico","9":"pa_talla-36-5","10":"pa_talla-145","11":"pa_talla-38-5","12":"thunk-woo-product-list","13":"opn-qv-enable","14":"open-woo-hover-","15":"open-single-product-tab-horizontal","16":"open-shadow-","17":"open-shadow-hover-","19":"first","20":"instock","21":"sale","22":"shipping-taxable","23":"purchasable","24":"product-type-variable"},"jetpack_sharing_enabled":true,"_links":{"self":[{"href":"https:\/\/www.deporteseli.com\/index.php?rest_route=\/wp\/v2\/product\/37478","targetHints":{"allow":["GET"]}}],"collection":[{"href":"https:\/\/www.deporteseli.com\/index.php?rest_route=\/wp\/v2\/product"}],"about":[{"href":"https:\/\/www.deporteseli.com\/index.php?rest_route=\/wp\/v2\/types\/product"}],"wp:featuredmedia":[{"embeddable":true,"href":"https:\/\/www.deporteseli.com\/index.php?rest_route=\/wp\/v2\/media\/51908"}],"wp:attachment":[{"href":"https:\/\/www.deporteseli.com\/index.php?rest_route=%2Fwp%2Fv2%2Fmedia&parent=37478"}],"wp:term":[{"taxonomy":"product_brand","embeddable":true,"href":"https:\/\/www.deporteseli.com\/index.php?rest_route=%2Fwp%2Fv2%2Fproduct_brand&post=37478"},{"taxonomy":"product_cat","embeddable":true,"href":"https:\/\/www.deporteseli.com\/index.php?rest_route=%2Fwp%2Fv2%2Fproduct_cat&post=37478"},{"taxonomy":"product_tag","embeddable":true,"href":"https:\/\/www.deporteseli.com\/index.php?rest_route=%2Fwp%2Fv2%2Fproduct_tag&post=37478"}],"curies":[{"name":"wp","href":"https:\/\/api.w.org\/{rel}","templated":true}]}}