{"id":37459,"date":"2026-01-27T17:44:20","date_gmt":"2026-01-27T17:44:20","guid":{"rendered":"https:\/\/www.deporteseli.com\/?product=pala-fila-bellator"},"modified":"2026-01-27T17:44:24","modified_gmt":"2026-01-27T17:44:24","slug":"pala-fila-bellator","status":"publish","type":"product","link":"https:\/\/www.deporteseli.com\/?product=pala-fila-bellator","title":{"rendered":"PALA FILA BELLATOR"},"content":{"rendered":"<p>La pala Fila The Bellator est\u00e1 dise\u00f1ada para jugadores de nivel avanzado que buscan un toque preciso para controlar mejor sus golpes.  Detalles:    Forma: redonda  Espesor: 38 mm  Peso: 360-380 gr  Equilibrio: bajo  Marco: carb\u00f3n  Superficie: carb\u00f3n 12K  N\u00facleo: EVA media  Acabado: rugoso  Agarre adicional con dise\u00f1o 3D para mayor giro  Correa para la mu\u00f1eca ajustable  Nivel del jugador: avanzado  La pala no tiene funda                                                                                                                                                                                                                                                                                                                                                                                                                                                                                                                                                                                                                                                                                                                                                                                                                                                                                                                                                                                                                                        <\/p>\n","protected":false},"excerpt":{"rendered":"<p>PALA FILA BELLATOR<\/p>\n","protected":false},"featured_media":51887,"template":"","meta":[],"product_brand":[],"product_cat":[353],"product_tag":[46],"class_list":{"0":"post-37459","1":"product","2":"type-product","3":"status-publish","4":"has-post-thumbnail","6":"product_cat-padel_y_tenis_palas","7":"product_tag-fila","8":"pa_color-unico","9":"pa_talla-unica","10":"thunk-woo-product-list","11":"opn-qv-enable","12":"open-woo-hover-","13":"open-single-product-tab-horizontal","14":"open-shadow-","15":"open-shadow-hover-","17":"first","18":"instock","19":"sale","20":"shipping-taxable","21":"purchasable","22":"product-type-variable"},"jetpack_sharing_enabled":true,"_links":{"self":[{"href":"https:\/\/www.deporteseli.com\/index.php?rest_route=\/wp\/v2\/product\/37459","targetHints":{"allow":["GET"]}}],"collection":[{"href":"https:\/\/www.deporteseli.com\/index.php?rest_route=\/wp\/v2\/product"}],"about":[{"href":"https:\/\/www.deporteseli.com\/index.php?rest_route=\/wp\/v2\/types\/product"}],"wp:featuredmedia":[{"embeddable":true,"href":"https:\/\/www.deporteseli.com\/index.php?rest_route=\/wp\/v2\/media\/51887"}],"wp:attachment":[{"href":"https:\/\/www.deporteseli.com\/index.php?rest_route=%2Fwp%2Fv2%2Fmedia&parent=37459"}],"wp:term":[{"taxonomy":"product_brand","embeddable":true,"href":"https:\/\/www.deporteseli.com\/index.php?rest_route=%2Fwp%2Fv2%2Fproduct_brand&post=37459"},{"taxonomy":"product_cat","embeddable":true,"href":"https:\/\/www.deporteseli.com\/index.php?rest_route=%2Fwp%2Fv2%2Fproduct_cat&post=37459"},{"taxonomy":"product_tag","embeddable":true,"href":"https:\/\/www.deporteseli.com\/index.php?rest_route=%2Fwp%2Fv2%2Fproduct_tag&post=37459"}],"curies":[{"name":"wp","href":"https:\/\/api.w.org\/{rel}","templated":true}]}}