{"id":37452,"date":"2026-01-27T17:44:03","date_gmt":"2026-01-27T17:44:03","guid":{"rendered":"https:\/\/www.deporteseli.com\/?product=camiseta-de-tirantes-farm-print-aeroready-spo"},"modified":"2026-01-27T17:44:07","modified_gmt":"2026-01-27T17:44:07","slug":"camiseta-de-tirantes-farm-print-aeroready-spo","status":"publish","type":"product","link":"https:\/\/www.deporteseli.com\/?product=camiseta-de-tirantes-farm-print-aeroready-spo","title":{"rendered":"CAMISETA DE TIRANTES FARM PRINT AEROREADY SPO"},"content":{"rendered":"<p>CAMISETA DE TIRANTES FARM PRINT AEROREADY SPORT  LOOK DEPORTIVO Y SOSTENIBLE  \u00bfCarrera por la playa o entrenamiento en el gimnasio? Elijas lo que elijas, no te olvides del mejor estilo con esta camiseta de tirantes adidas. Se ha dise\u00f1ado en colaboraci\u00f3n con la firma de moda brasile\u00f1a FARM Rio y luce un estampado a lunares en la parte frontal y otro en la espalda que es una combinaci\u00f3n divertida y atrevida. El corte ajustado acompa\u00f1a todos tus movimientos y la tecnolog\u00eda transpirable AEROREADY mantiene la piel seca. \u00bfEl resto? Todo depende de ti.    Este producto se ha fabricado con diferentes materiales t\u00e9cnicos y contiene al menos un 60% de material reciclado. Su objetivo es plantear otra soluci\u00f3n m\u00e1s que ayude a eliminar los residuos pl\u00e1sticos.  DETALLES  Corte entallado  Cuello redondo  Interlock 89% poli\u00e9ster reciclado \/ 11% elast\u00e1n  Tecnolog\u00eda transpirable AEROREADY  Color del art\u00edculo: Black \/ Pale Nude  N\u00famero de art\u00edculo: HA1226                                                                                                                                                                                                                                                                                                                                                                                                                                                                                                                                                                                                                                                                                                                                                                                                                                                                                                                                                                                                                                        <\/p>\n","protected":false},"excerpt":{"rendered":"<p>CAMISETA DE TIRANTES FARM PRINT AEROREADY SPO<\/p>\n","protected":false},"featured_media":51873,"template":"","meta":[],"product_brand":[],"product_cat":[275],"product_tag":[18],"class_list":{"0":"post-37452","1":"product","2":"type-product","3":"status-publish","4":"has-post-thumbnail","6":"product_cat-mujer_textil_top","7":"product_tag-adidas","8":"pa_color-unico","9":"pa_talla-l","10":"pa_talla-m","11":"thunk-woo-product-list","12":"opn-qv-enable","13":"open-woo-hover-","14":"open-single-product-tab-horizontal","15":"open-shadow-","16":"open-shadow-hover-","18":"first","19":"instock","20":"shipping-taxable","21":"purchasable","22":"product-type-variable"},"jetpack_sharing_enabled":true,"_links":{"self":[{"href":"https:\/\/www.deporteseli.com\/index.php?rest_route=\/wp\/v2\/product\/37452","targetHints":{"allow":["GET"]}}],"collection":[{"href":"https:\/\/www.deporteseli.com\/index.php?rest_route=\/wp\/v2\/product"}],"about":[{"href":"https:\/\/www.deporteseli.com\/index.php?rest_route=\/wp\/v2\/types\/product"}],"wp:featuredmedia":[{"embeddable":true,"href":"https:\/\/www.deporteseli.com\/index.php?rest_route=\/wp\/v2\/media\/51873"}],"wp:attachment":[{"href":"https:\/\/www.deporteseli.com\/index.php?rest_route=%2Fwp%2Fv2%2Fmedia&parent=37452"}],"wp:term":[{"taxonomy":"product_brand","embeddable":true,"href":"https:\/\/www.deporteseli.com\/index.php?rest_route=%2Fwp%2Fv2%2Fproduct_brand&post=37452"},{"taxonomy":"product_cat","embeddable":true,"href":"https:\/\/www.deporteseli.com\/index.php?rest_route=%2Fwp%2Fv2%2Fproduct_cat&post=37452"},{"taxonomy":"product_tag","embeddable":true,"href":"https:\/\/www.deporteseli.com\/index.php?rest_route=%2Fwp%2Fv2%2Fproduct_tag&post=37452"}],"curies":[{"name":"wp","href":"https:\/\/api.w.org\/{rel}","templated":true}]}}