{"id":37450,"date":"2026-01-27T17:44:00","date_gmt":"2026-01-27T17:44:00","guid":{"rendered":"https:\/\/www.deporteseli.com\/?product=nike-revolution-6-nn-marino"},"modified":"2026-01-27T17:44:02","modified_gmt":"2026-01-27T17:44:02","slug":"nike-revolution-6-nn-marino","status":"publish","type":"product","link":"https:\/\/www.deporteseli.com\/?product=nike-revolution-6-nn-marino","title":{"rendered":"NIKE REVOLUTION 6 NN MARINO"},"content":{"rendered":"<p>COMODIDAD, ESTILO VERS\u00c1TIL Y AMORTIGUACI\u00d3N FLEXIBLE.      Brindemos por los nuevos retos que te depara el asfalto. \u00c1tate los cordones 100 % reciclados y empieza con buen pie en el running gracias a la suavidad de las Nike Revolution 6 Next Nature. Sabemos que la comodidad es clave para correr bien, y con estas zapatillas disfrutar\u00e1s de una pisada suave gracias a su amortiguaci\u00f3n y flexibilidad. Es una evoluci\u00f3n de uno de los modelos m\u00e1s populares, con un dise\u00f1o transpirable confeccionado con, al menos, un 20 % de contenido reciclado por peso.      Dise\u00f1o sencillo    Malla suave situada en el antepi\u00e9 y a lo largo de la zona del tobillo para una mayor comodidad. Piel adicional para una mayor durabilidad.      M\u00e1s flexibilidad    La mediasuela de espuma ofrece una pisada m\u00e1s suave que las Revolution 5. La suela exterior cuenta con un dise\u00f1o generado por ordenador que crea un efecto de pist\u00f3n natural mientras corres para ofrecer mayor amortiguaci\u00f3n y flexibilidad. Ambas se combinan para ofrecer una tracci\u00f3n duradera.      Toque intuitivo    Los puntos de contacto en el tal\u00f3n y la leng\u00fceta crean una sensaci\u00f3n natural al ponerte y quitarte las zapatillas.      Detalles del producto    Cordones de poli\u00e9ster 100 % reciclado.  Color mostrado: Midnight Navy\/Obsidian\/Ashen Slate\/Blanco  Modelo: DC3728-401                                                                                                                                                                                                                                                                                                                                                                                                                                                                                                                                                                                                                                                                                                                                                                                                                                                                                                                                                                                                                                        <\/p>\n","protected":false},"excerpt":{"rendered":"<p>NIKE REVOLUTION 6 NN MARINO<\/p>\n","protected":false},"featured_media":51868,"template":"","meta":[],"product_brand":[],"product_cat":[259],"product_tag":[37],"class_list":{"0":"post-37450","1":"product","2":"type-product","3":"status-publish","4":"has-post-thumbnail","6":"product_cat-hombre_calzado_running","7":"product_tag-nike","8":"pa_color-unico","9":"pa_talla-149","10":"thunk-woo-product-list","11":"opn-qv-enable","12":"open-woo-hover-","13":"open-single-product-tab-horizontal","14":"open-shadow-","15":"open-shadow-hover-","17":"first","18":"instock","19":"sale","20":"shipping-taxable","21":"purchasable","22":"product-type-variable"},"jetpack_sharing_enabled":true,"_links":{"self":[{"href":"https:\/\/www.deporteseli.com\/index.php?rest_route=\/wp\/v2\/product\/37450","targetHints":{"allow":["GET"]}}],"collection":[{"href":"https:\/\/www.deporteseli.com\/index.php?rest_route=\/wp\/v2\/product"}],"about":[{"href":"https:\/\/www.deporteseli.com\/index.php?rest_route=\/wp\/v2\/types\/product"}],"wp:featuredmedia":[{"embeddable":true,"href":"https:\/\/www.deporteseli.com\/index.php?rest_route=\/wp\/v2\/media\/51868"}],"wp:attachment":[{"href":"https:\/\/www.deporteseli.com\/index.php?rest_route=%2Fwp%2Fv2%2Fmedia&parent=37450"}],"wp:term":[{"taxonomy":"product_brand","embeddable":true,"href":"https:\/\/www.deporteseli.com\/index.php?rest_route=%2Fwp%2Fv2%2Fproduct_brand&post=37450"},{"taxonomy":"product_cat","embeddable":true,"href":"https:\/\/www.deporteseli.com\/index.php?rest_route=%2Fwp%2Fv2%2Fproduct_cat&post=37450"},{"taxonomy":"product_tag","embeddable":true,"href":"https:\/\/www.deporteseli.com\/index.php?rest_route=%2Fwp%2Fv2%2Fproduct_tag&post=37450"}],"curies":[{"name":"wp","href":"https:\/\/api.w.org\/{rel}","templated":true}]}}