{"id":37445,"date":"2026-01-27T17:43:53","date_gmt":"2026-01-27T17:43:53","guid":{"rendered":"https:\/\/www.deporteseli.com\/?product=nike-mujer-shorts-leggins-sportswear-essent"},"modified":"2026-01-27T17:43:59","modified_gmt":"2026-01-27T17:43:59","slug":"nike-mujer-shorts-leggins-sportswear-essent","status":"publish","type":"product","link":"https:\/\/www.deporteseli.com\/?product=nike-mujer-shorts-leggins-sportswear-essent","title":{"rendered":"NIKE MUJER SHORTS &#8211; LEGGINS SPORTSWEAR ESSENT"},"content":{"rendered":"<p>Nike Mujer shorts &#8211; leggins Sportswear Essential    C\u00f3digo de producto: CZ8526-827  Shorts de ciclismo para mujer Nike Sportswear Essential PANTALONES CORTOS DE CICLISMO PARA UNA VELOCIDAD INCRE\u00cdBLE Los shorts de ciclismo Nike Sportswear son una versi\u00f3n actualizada de una pieza retro con un dise\u00f1o de longitud media y un cintur\u00f3n el\u00e1stico ajustado. Una opci\u00f3n f\u00e1cil para tus apariciones diarias, gracias al tejido el\u00e1stico que elimina el sudor y al logotipo de Swoosh.Comodidad y eliminaci\u00f3n del sudorEl tejido suave y el\u00e1stico ayuda a eliminar el sudor del cuerpo y a mantener una sensaci\u00f3n fresca y seca durante todo el d\u00eda. El dise\u00f1o de largo ofrece un ajuste c\u00f3modo y llega justo debajo del ombligo Estilo Swoosh simple Swoosh bordado en la pierna para mostrar tu amor por la marca. Detalles Ajuste ce\u00f1ido para una sensaci\u00f3n ce\u00f1ida al cuerpo                                                                                                                                                                                                                                                                                                                                                                                                                                                                                                                                                                                                                                                                                                                                                                                                                                                                                                                                                                                                                                        <\/p>\n","protected":false},"excerpt":{"rendered":"<p>NIKE MUJER SHORTS &#8211; LEGGINS SPORTSWEAR ESSENT<\/p>\n","protected":false},"featured_media":51864,"template":"","meta":[],"product_brand":[],"product_cat":[277],"product_tag":[],"class_list":{"0":"post-37445","1":"product","2":"type-product","3":"status-publish","4":"has-post-thumbnail","6":"product_cat-mujer_textil_shorts","7":"pa_color-unico","8":"pa_talla-l","9":"pa_talla-m","10":"pa_talla-s","11":"pa_talla-xs","12":"thunk-woo-product-list","13":"opn-qv-enable","14":"open-woo-hover-","15":"open-single-product-tab-horizontal","16":"open-shadow-","17":"open-shadow-hover-","19":"first","20":"instock","21":"shipping-taxable","22":"purchasable","23":"product-type-variable"},"jetpack_sharing_enabled":true,"_links":{"self":[{"href":"https:\/\/www.deporteseli.com\/index.php?rest_route=\/wp\/v2\/product\/37445","targetHints":{"allow":["GET"]}}],"collection":[{"href":"https:\/\/www.deporteseli.com\/index.php?rest_route=\/wp\/v2\/product"}],"about":[{"href":"https:\/\/www.deporteseli.com\/index.php?rest_route=\/wp\/v2\/types\/product"}],"wp:featuredmedia":[{"embeddable":true,"href":"https:\/\/www.deporteseli.com\/index.php?rest_route=\/wp\/v2\/media\/51864"}],"wp:attachment":[{"href":"https:\/\/www.deporteseli.com\/index.php?rest_route=%2Fwp%2Fv2%2Fmedia&parent=37445"}],"wp:term":[{"taxonomy":"product_brand","embeddable":true,"href":"https:\/\/www.deporteseli.com\/index.php?rest_route=%2Fwp%2Fv2%2Fproduct_brand&post=37445"},{"taxonomy":"product_cat","embeddable":true,"href":"https:\/\/www.deporteseli.com\/index.php?rest_route=%2Fwp%2Fv2%2Fproduct_cat&post=37445"},{"taxonomy":"product_tag","embeddable":true,"href":"https:\/\/www.deporteseli.com\/index.php?rest_route=%2Fwp%2Fv2%2Fproduct_tag&post=37445"}],"curies":[{"name":"wp","href":"https:\/\/api.w.org\/{rel}","templated":true}]}}