{"id":37443,"date":"2026-01-27T17:43:50","date_gmt":"2026-01-27T17:43:50","guid":{"rendered":"https:\/\/www.deporteseli.com\/?product=chandal-sportswear-nike-big-kids"},"modified":"2026-01-27T17:43:52","modified_gmt":"2026-01-27T17:43:52","slug":"chandal-sportswear-nike-big-kids","status":"publish","type":"product","link":"https:\/\/www.deporteseli.com\/?product=chandal-sportswear-nike-big-kids","title":{"rendered":"CH\u00e1NDAL SPORTSWEAR NIKE BIG KIDS"},"content":{"rendered":"<p>Nike Nike Sportswear  DESCRIPCI\u00d3N  UN CH\u00c1NDAL CL\u00c1SICO PARA LOS PEQUE\u00d1OS  El ch\u00e1ndal Nike Sportswear para ni\u00f1o\/a tiene un estilo retro. Esta cl\u00e1sica combinaci\u00f3n cuenta con una chaqueta y un pantal\u00f3n vers\u00e1tiles que se pueden llevar juntos o por separado. Las grandes rayas laterales en vertical de este ch\u00e1ndal suave y c\u00f3modo reflejan el estilo distintivo de Nike.    Caracter\u00edsticas  Tejido suave y ligero para mantener la comodidad.  La chaqueta y el pantal\u00f3n se pueden llevar juntos o con otras prendas.  Ajuste est\u00e1ndar para un toque holgado y c\u00f3modo.  Chaqueta: bolsillos delanteros.  Chaqueta: dise\u00f1o de cremallera completa.  Pantal\u00f3n: bolsillos laterales.  Pantal\u00f3n: cintura el\u00e1stica con cord\u00f3n.                                                                                                                                                                                                                                                                                                                                                                                                                                                                                                                                                                                                                                                                                                                                                                                                                                                                                                                                                                                                                                        <\/p>\n","protected":false},"excerpt":{"rendered":"<p>CH\u00e1NDAL SPORTSWEAR NIKE BIG KIDS<\/p>\n","protected":false},"featured_media":51862,"template":"","meta":[],"product_brand":[],"product_cat":[380],"product_tag":[37],"class_list":{"0":"post-37443","1":"product","2":"type-product","3":"status-publish","4":"has-post-thumbnail","6":"product_cat-ninas_textil_chandals","7":"product_tag-nike","8":"pa_color-unico","9":"pa_talla-xl","10":"thunk-woo-product-list","11":"opn-qv-enable","12":"open-woo-hover-","13":"open-single-product-tab-horizontal","14":"open-shadow-","15":"open-shadow-hover-","17":"first","18":"instock","19":"shipping-taxable","20":"purchasable","21":"product-type-variable"},"jetpack_sharing_enabled":true,"_links":{"self":[{"href":"https:\/\/www.deporteseli.com\/index.php?rest_route=\/wp\/v2\/product\/37443","targetHints":{"allow":["GET"]}}],"collection":[{"href":"https:\/\/www.deporteseli.com\/index.php?rest_route=\/wp\/v2\/product"}],"about":[{"href":"https:\/\/www.deporteseli.com\/index.php?rest_route=\/wp\/v2\/types\/product"}],"wp:featuredmedia":[{"embeddable":true,"href":"https:\/\/www.deporteseli.com\/index.php?rest_route=\/wp\/v2\/media\/51862"}],"wp:attachment":[{"href":"https:\/\/www.deporteseli.com\/index.php?rest_route=%2Fwp%2Fv2%2Fmedia&parent=37443"}],"wp:term":[{"taxonomy":"product_brand","embeddable":true,"href":"https:\/\/www.deporteseli.com\/index.php?rest_route=%2Fwp%2Fv2%2Fproduct_brand&post=37443"},{"taxonomy":"product_cat","embeddable":true,"href":"https:\/\/www.deporteseli.com\/index.php?rest_route=%2Fwp%2Fv2%2Fproduct_cat&post=37443"},{"taxonomy":"product_tag","embeddable":true,"href":"https:\/\/www.deporteseli.com\/index.php?rest_route=%2Fwp%2Fv2%2Fproduct_tag&post=37443"}],"curies":[{"name":"wp","href":"https:\/\/api.w.org\/{rel}","templated":true}]}}