{"id":37414,"date":"2026-01-27T17:43:08","date_gmt":"2026-01-27T17:43:08","guid":{"rendered":"https:\/\/www.deporteseli.com\/?product=zapatilla-puma-multiflex-sl-v-inf-blanco"},"modified":"2026-02-13T10:49:23","modified_gmt":"2026-02-13T10:49:23","slug":"zapatilla-puma-multiflex-sl-v-inf-blanco","status":"publish","type":"product","link":"https:\/\/www.deporteseli.com\/?product=zapatilla-puma-multiflex-sl-v-inf-blanco","title":{"rendered":"ZAPATILLA PUMA MULTIFLEX SL V INF BLANCO"},"content":{"rendered":"<p>Con la nueva silueta Puma Multiflex, los ni\u00f1os est\u00e1n listos para jugar de forma segura y c\u00f3moda todos los d\u00edas. La suela exterior de goma completa proporciona agarre y los materiales duraderos en la parte superior garantizan la longevidad. El ajuste para este estilo se actualiz\u00f3 para asegurar un f\u00e1cil encendido y apagado. Esta versi\u00f3n cuenta con una parte superior de cuero sint\u00e9tico.                                                                                                                                                                                                                                                                                                                                                                                                                                                                                                                                                                                                                                                                                                                                                                                                                                                                                                                                                                                                                                        <\/p>\n","protected":false},"excerpt":{"rendered":"<p>ZAPATILLA PUMA MULTIFLEX SL V INF BLANCO<\/p>\n","protected":false},"featured_media":51843,"template":"","meta":[],"product_brand":[],"product_cat":[237],"product_tag":[32],"class_list":{"0":"post-37414","1":"product","2":"type-product","3":"status-publish","4":"has-post-thumbnail","6":"product_cat-outlet_calzado","7":"product_tag-puma","8":"pa_color-unico","9":"pa_talla-113","10":"pa_talla-115","11":"thunk-woo-product-list","12":"opn-qv-enable","13":"open-woo-hover-","14":"open-single-product-tab-horizontal","15":"open-shadow-","16":"open-shadow-hover-","18":"first","19":"instock","20":"shipping-taxable","21":"purchasable","22":"product-type-variable"},"jetpack_sharing_enabled":true,"_links":{"self":[{"href":"https:\/\/www.deporteseli.com\/index.php?rest_route=\/wp\/v2\/product\/37414","targetHints":{"allow":["GET"]}}],"collection":[{"href":"https:\/\/www.deporteseli.com\/index.php?rest_route=\/wp\/v2\/product"}],"about":[{"href":"https:\/\/www.deporteseli.com\/index.php?rest_route=\/wp\/v2\/types\/product"}],"wp:featuredmedia":[{"embeddable":true,"href":"https:\/\/www.deporteseli.com\/index.php?rest_route=\/wp\/v2\/media\/51843"}],"wp:attachment":[{"href":"https:\/\/www.deporteseli.com\/index.php?rest_route=%2Fwp%2Fv2%2Fmedia&parent=37414"}],"wp:term":[{"taxonomy":"product_brand","embeddable":true,"href":"https:\/\/www.deporteseli.com\/index.php?rest_route=%2Fwp%2Fv2%2Fproduct_brand&post=37414"},{"taxonomy":"product_cat","embeddable":true,"href":"https:\/\/www.deporteseli.com\/index.php?rest_route=%2Fwp%2Fv2%2Fproduct_cat&post=37414"},{"taxonomy":"product_tag","embeddable":true,"href":"https:\/\/www.deporteseli.com\/index.php?rest_route=%2Fwp%2Fv2%2Fproduct_tag&post=37414"}],"curies":[{"name":"wp","href":"https:\/\/api.w.org\/{rel}","templated":true}]}}