{"id":37409,"date":"2026-01-27T17:43:01","date_gmt":"2026-01-27T17:43:01","guid":{"rendered":"https:\/\/www.deporteseli.com\/?product=pala-wilson-pro-staff-v2-team-alt"},"modified":"2026-02-16T07:44:43","modified_gmt":"2026-02-16T07:44:43","slug":"pala-wilson-pro-staff-v2-team-alt","status":"publish","type":"product","link":"https:\/\/www.deporteseli.com\/?product=pala-wilson-pro-staff-v2-team-alt","title":{"rendered":"PALA WILSON PRO STAFF V2 TEAM ALT"},"content":{"rendered":"<p>La pala de p\u00e1del Wilson Pro Staff Team V2 ALT es ideal para jugadores de nivel medio o incluso principiantes que buscan mejorar r\u00e1pidamente en su juego.    La forma redonda de la pala, un n\u00facleo con una goma de baja densidad y los planos acabados en fibra de vidrio, es una combinaci\u00f3n perfecta para que puedas disponer de todo el control y la potencia necesarios para disfrutar en todos tus partidos. Es importante que la polivalencia de la pala sea alta, de esta manera te permita disputar todos tus partidos divirti\u00e9ndote y en tus entrenamientos podr\u00e1s mecanizar todos los golpes sin problema, avanzando en tu aprendizaje y disfrutando sin que la pala se te quede peque\u00f1a.    Sensaciones perfectas para mejorar tu curva de aprendizaje.  Peso.:  370 gr  Balance.:  Bajo  Forma.:  Redonda  Plano:  Fibra de Vidrio  N\u00facleo  Goma blanda  Marco  Fibra de vidrio                                                                                                                                                                                                                                                                                                                                                                                                                                                                                                                                                                                                                                                                                                                                                                                                                                                                                                                                                                                                                                        <\/p>\n","protected":false},"excerpt":{"rendered":"<p>PALA WILSON PRO STAFF V2 TEAM ALT<\/p>\n","protected":false},"featured_media":51838,"template":"","meta":[],"product_brand":[],"product_cat":[353],"product_tag":[57],"class_list":{"0":"post-37409","1":"product","2":"type-product","3":"status-publish","4":"has-post-thumbnail","6":"product_cat-padel_y_tenis_palas","7":"product_tag-wilson","8":"pa_color-unico","9":"pa_talla-unica","10":"thunk-woo-product-list","11":"opn-qv-enable","12":"open-woo-hover-","13":"open-single-product-tab-horizontal","14":"open-shadow-","15":"open-shadow-hover-","17":"first","18":"instock","19":"sale","20":"shipping-taxable","21":"purchasable","22":"product-type-variable"},"jetpack_sharing_enabled":true,"_links":{"self":[{"href":"https:\/\/www.deporteseli.com\/index.php?rest_route=\/wp\/v2\/product\/37409","targetHints":{"allow":["GET"]}}],"collection":[{"href":"https:\/\/www.deporteseli.com\/index.php?rest_route=\/wp\/v2\/product"}],"about":[{"href":"https:\/\/www.deporteseli.com\/index.php?rest_route=\/wp\/v2\/types\/product"}],"wp:featuredmedia":[{"embeddable":true,"href":"https:\/\/www.deporteseli.com\/index.php?rest_route=\/wp\/v2\/media\/51838"}],"wp:attachment":[{"href":"https:\/\/www.deporteseli.com\/index.php?rest_route=%2Fwp%2Fv2%2Fmedia&parent=37409"}],"wp:term":[{"taxonomy":"product_brand","embeddable":true,"href":"https:\/\/www.deporteseli.com\/index.php?rest_route=%2Fwp%2Fv2%2Fproduct_brand&post=37409"},{"taxonomy":"product_cat","embeddable":true,"href":"https:\/\/www.deporteseli.com\/index.php?rest_route=%2Fwp%2Fv2%2Fproduct_cat&post=37409"},{"taxonomy":"product_tag","embeddable":true,"href":"https:\/\/www.deporteseli.com\/index.php?rest_route=%2Fwp%2Fv2%2Fproduct_tag&post=37409"}],"curies":[{"name":"wp","href":"https:\/\/api.w.org\/{rel}","templated":true}]}}