{"id":37402,"date":"2026-01-27T17:42:52","date_gmt":"2026-01-27T17:42:52","guid":{"rendered":"https:\/\/www.deporteseli.com\/?product=mallas-7-8-farm-print-feel-brilliant-aeroread-2"},"modified":"2026-01-27T17:42:55","modified_gmt":"2026-01-27T17:42:55","slug":"mallas-7-8-farm-print-feel-brilliant-aeroread-2","status":"publish","type":"product","link":"https:\/\/www.deporteseli.com\/?product=mallas-7-8-farm-print-feel-brilliant-aeroread-2","title":{"rendered":"MALLAS 7\/8 FARM PRINT FEEL BRILLIANT AEROREAD"},"content":{"rendered":"<p>MALLAS 7\/8 FARM PRINT FEEL BRILLIANT AEROREADY HIGH-WAISTED  ENTRENA CON LA ENERG\u00cdA DEL COLOR  A veces resulta dif\u00edcil mantenerse despierta cuando madrugas para entrenar. Aumenta tu energ\u00eda cada ma\u00f1ana con estas mallas de training adidas dise\u00f1adas en colaboraci\u00f3n con FARM Rio. Presentan un corte ajustado y se han confeccionado en tejido transpirable AEROREADY que mantiene la piel seca. Lucen una cintura de talle alto con un estampado de lunares que te ofrece un estilo distintivo. Con semejante colorido y estampado, \u00bfqui\u00e9n necesita caf\u00e9 para combatir el cansacio?    Este producto se ha fabricado con diferentes materiales t\u00e9cnicos y contiene al menos un 60% de material reciclado. Su objetivo es plantear otra soluci\u00f3n m\u00e1s que ayude a eliminar los residuos pl\u00e1sticos.  DETALLES  Corte ajustado con talle alto  Cintura el\u00e1stica  Interlock 89% poli\u00e9ster reciclado \/ 11% elast\u00e1n  Tejido transpirable AEROREADY  Largo por encima del tobillo  Forro de malla en la entrepierna  Color del art\u00edculo: Black  N\u00famero de art\u00edculo: HA1232                                                                                                                                                                                                                                                                                                                                                                                                                                                                                                                                                                                                                                                                                                                                                                                                                                                                                                                                                                                                                                        <\/p>\n","protected":false},"excerpt":{"rendered":"<p>MALLAS 7\/8 FARM PRINT FEEL BRILLIANT AEROREAD<\/p>\n","protected":false},"featured_media":51829,"template":"","meta":[],"product_brand":[],"product_cat":[281],"product_tag":[18],"class_list":{"0":"post-37402","1":"product","2":"type-product","3":"status-publish","4":"has-post-thumbnail","6":"product_cat-mujer_textil_mallas","7":"product_tag-adidas","8":"pa_color-unico","9":"pa_talla-m","10":"pa_talla-s","11":"thunk-woo-product-list","12":"opn-qv-enable","13":"open-woo-hover-","14":"open-single-product-tab-horizontal","15":"open-shadow-","16":"open-shadow-hover-","18":"first","19":"instock","20":"shipping-taxable","21":"purchasable","22":"product-type-variable"},"jetpack_sharing_enabled":true,"_links":{"self":[{"href":"https:\/\/www.deporteseli.com\/index.php?rest_route=\/wp\/v2\/product\/37402","targetHints":{"allow":["GET"]}}],"collection":[{"href":"https:\/\/www.deporteseli.com\/index.php?rest_route=\/wp\/v2\/product"}],"about":[{"href":"https:\/\/www.deporteseli.com\/index.php?rest_route=\/wp\/v2\/types\/product"}],"wp:featuredmedia":[{"embeddable":true,"href":"https:\/\/www.deporteseli.com\/index.php?rest_route=\/wp\/v2\/media\/51829"}],"wp:attachment":[{"href":"https:\/\/www.deporteseli.com\/index.php?rest_route=%2Fwp%2Fv2%2Fmedia&parent=37402"}],"wp:term":[{"taxonomy":"product_brand","embeddable":true,"href":"https:\/\/www.deporteseli.com\/index.php?rest_route=%2Fwp%2Fv2%2Fproduct_brand&post=37402"},{"taxonomy":"product_cat","embeddable":true,"href":"https:\/\/www.deporteseli.com\/index.php?rest_route=%2Fwp%2Fv2%2Fproduct_cat&post=37402"},{"taxonomy":"product_tag","embeddable":true,"href":"https:\/\/www.deporteseli.com\/index.php?rest_route=%2Fwp%2Fv2%2Fproduct_tag&post=37402"}],"curies":[{"name":"wp","href":"https:\/\/api.w.org\/{rel}","templated":true}]}}