{"id":37398,"date":"2026-01-27T17:42:47","date_gmt":"2026-01-27T17:42:47","guid":{"rendered":"https:\/\/www.deporteseli.com\/?product=munequera-adidas-pequena-tenis-2"},"modified":"2026-01-27T17:42:49","modified_gmt":"2026-01-27T17:42:49","slug":"munequera-adidas-pequena-tenis-2","status":"publish","type":"product","link":"https:\/\/www.deporteseli.com\/?product=munequera-adidas-pequena-tenis-2","title":{"rendered":"MU\u00f1EQUERA ADIDAS PEQUE\u00f1A TENIS"},"content":{"rendered":"<p>Conc\u00e9ntrate en el pr\u00f3ximo punto. Esta mu\u00f1equera de tenis te ofrece seguridad en cada uno de tus golpes. Aparta el sudor de los ojos para servir sin distracciones.    Descripci\u00f3n:    Ancho: 7 cm  Largo: 8,5 cm    Algod\u00f3n \/ poliacr\u00edlico \/ poli\u00e9ster \/ elastodieno    Mu\u00f1equeras para padel y tenis.    Talla \u00fanica    Logotipo de adidas bordado    G\u00e9nero: Unisex    Color: Naranja    Referencia: HM6713                                                                                                                                                                                                                                                                                                                                                                                                                                                                                                                                                                                                                                                                                                                                                                                                                                                                                                                                                                                                                                        <\/p>\n","protected":false},"excerpt":{"rendered":"<p>MU\u00f1EQUERA ADIDAS PEQUE\u00f1A TENIS<\/p>\n","protected":false},"featured_media":51822,"template":"","meta":[],"product_brand":[],"product_cat":[242],"product_tag":[18],"class_list":{"0":"post-37398","1":"product","2":"type-product","3":"status-publish","4":"has-post-thumbnail","6":"product_cat-unisex_accesorios","7":"product_tag-adidas","8":"pa_color-unico","9":"pa_talla-unica","10":"thunk-woo-product-list","11":"opn-qv-enable","12":"open-woo-hover-","13":"open-single-product-tab-horizontal","14":"open-shadow-","15":"open-shadow-hover-","17":"first","18":"instock","19":"shipping-taxable","20":"purchasable","21":"product-type-variable"},"jetpack_sharing_enabled":true,"_links":{"self":[{"href":"https:\/\/www.deporteseli.com\/index.php?rest_route=\/wp\/v2\/product\/37398","targetHints":{"allow":["GET"]}}],"collection":[{"href":"https:\/\/www.deporteseli.com\/index.php?rest_route=\/wp\/v2\/product"}],"about":[{"href":"https:\/\/www.deporteseli.com\/index.php?rest_route=\/wp\/v2\/types\/product"}],"wp:featuredmedia":[{"embeddable":true,"href":"https:\/\/www.deporteseli.com\/index.php?rest_route=\/wp\/v2\/media\/51822"}],"wp:attachment":[{"href":"https:\/\/www.deporteseli.com\/index.php?rest_route=%2Fwp%2Fv2%2Fmedia&parent=37398"}],"wp:term":[{"taxonomy":"product_brand","embeddable":true,"href":"https:\/\/www.deporteseli.com\/index.php?rest_route=%2Fwp%2Fv2%2Fproduct_brand&post=37398"},{"taxonomy":"product_cat","embeddable":true,"href":"https:\/\/www.deporteseli.com\/index.php?rest_route=%2Fwp%2Fv2%2Fproduct_cat&post=37398"},{"taxonomy":"product_tag","embeddable":true,"href":"https:\/\/www.deporteseli.com\/index.php?rest_route=%2Fwp%2Fv2%2Fproduct_tag&post=37398"}],"curies":[{"name":"wp","href":"https:\/\/api.w.org\/{rel}","templated":true}]}}