{"id":37388,"date":"2026-01-27T17:42:31","date_gmt":"2026-01-27T17:42:31","guid":{"rendered":"https:\/\/www.deporteseli.com\/?product=pantalon-corto-de-hombre-wilson-rush-7"},"modified":"2026-01-27T17:42:37","modified_gmt":"2026-01-27T17:42:37","slug":"pantalon-corto-de-hombre-wilson-rush-7","status":"publish","type":"product","link":"https:\/\/www.deporteseli.com\/?product=pantalon-corto-de-hombre-wilson-rush-7","title":{"rendered":"PANTAL\u00f3N CORTO DE HOMBRE WILSON RUSH 7"},"content":{"rendered":"<p>Pantal\u00f3n corto de tenis tejido el\u00e1stico con entrepierna de 7  estilo pull-on  Los bolsillos para pelotas exclusivos de Wilson le permiten quitar la pelota sin interrupci\u00f3n  Tejido el\u00e1stico para un m\u00e1ximo movimiento con tecnolog\u00eda de movimiento de humedad nanoWIK  tejido nanoUV con  30 UPF  M\u00e1s informaci\u00f3n  Marca por Deporte tenis wilson  G\u00e9nero Hombre  Longitud (entrepierna)  7  (17,8 cm)  Tela 100% poli\u00e9ster  tipo de tela Pantalones cortos (hombres)                                                                                                                                                                                                                                                                                                                                                                                                                                                                                                                                                                                                                                                                                                                                                                                                                                                                                                                                                                                                                                        <\/p>\n","protected":false},"excerpt":{"rendered":"<p>PANTAL\u00f3N CORTO DE HOMBRE WILSON RUSH 7<\/p>\n","protected":false},"featured_media":51816,"template":"","meta":[],"product_brand":[],"product_cat":[365],"product_tag":[57],"class_list":{"0":"post-37388","1":"product","2":"type-product","3":"status-publish","4":"has-post-thumbnail","6":"product_cat-padel_y_tenis_textil_shorts","7":"product_tag-wilson","8":"pa_color-unico","9":"pa_talla-l","10":"pa_talla-s","11":"pa_talla-xxl","12":"thunk-woo-product-list","13":"opn-qv-enable","14":"open-woo-hover-","15":"open-single-product-tab-horizontal","16":"open-shadow-","17":"open-shadow-hover-","19":"first","20":"instock","21":"shipping-taxable","22":"purchasable","23":"product-type-variable"},"jetpack_sharing_enabled":true,"_links":{"self":[{"href":"https:\/\/www.deporteseli.com\/index.php?rest_route=\/wp\/v2\/product\/37388","targetHints":{"allow":["GET"]}}],"collection":[{"href":"https:\/\/www.deporteseli.com\/index.php?rest_route=\/wp\/v2\/product"}],"about":[{"href":"https:\/\/www.deporteseli.com\/index.php?rest_route=\/wp\/v2\/types\/product"}],"wp:featuredmedia":[{"embeddable":true,"href":"https:\/\/www.deporteseli.com\/index.php?rest_route=\/wp\/v2\/media\/51816"}],"wp:attachment":[{"href":"https:\/\/www.deporteseli.com\/index.php?rest_route=%2Fwp%2Fv2%2Fmedia&parent=37388"}],"wp:term":[{"taxonomy":"product_brand","embeddable":true,"href":"https:\/\/www.deporteseli.com\/index.php?rest_route=%2Fwp%2Fv2%2Fproduct_brand&post=37388"},{"taxonomy":"product_cat","embeddable":true,"href":"https:\/\/www.deporteseli.com\/index.php?rest_route=%2Fwp%2Fv2%2Fproduct_cat&post=37388"},{"taxonomy":"product_tag","embeddable":true,"href":"https:\/\/www.deporteseli.com\/index.php?rest_route=%2Fwp%2Fv2%2Fproduct_tag&post=37388"}],"curies":[{"name":"wp","href":"https:\/\/api.w.org\/{rel}","templated":true}]}}