{"id":37386,"date":"2026-01-27T17:42:26","date_gmt":"2026-01-27T17:42:26","guid":{"rendered":"https:\/\/www.deporteseli.com\/?product=calcetines-cortos-de-entrenamiento-3-pares"},"modified":"2026-01-27T17:42:30","modified_gmt":"2026-01-27T17:42:30","slug":"calcetines-cortos-de-entrenamiento-3-pares","status":"publish","type":"product","link":"https:\/\/www.deporteseli.com\/?product=calcetines-cortos-de-entrenamiento-3-pares","title":{"rendered":"CALCETINES CORTOS DE ENTRENAMIENTO (3 PARES)"},"content":{"rendered":"<p>COMODIDAD CON CAPILARIZACI\u00d3N DEL SUDOR.      Dalo todo en los entrenamientos con los calcetines Nike Everyday Lightweight. Los hilos suaves con tecnolog\u00eda de capilarizaci\u00f3n del sudor mantienen la comodidad y la transpirabilidad.      Ventajas    Tecnolog\u00eda Dri-FIT para mantener la transpirabilidad y la comodidad.  Banda en el puente del pie para una mayor sujeci\u00f3n.  Dise\u00f1o corto de perfil bajo.    Detalles del producto    Tejido: Liso: 66 % algod\u00f3n\/32 % poli\u00e9ster\/2 % spandex. Jaspeado: 60 % algod\u00f3n\/38 % poli\u00e9ster\/2 % spandex.  Lavar a m\u00e1quina  De importaci\u00f3n  Color mostrado: Negro\/Blanco  Modelo: SX7678-010                                                                                                                                                                                                                                                                                                                                                                                                                                                                                                                                                                                                                                                                                                                                                                                                                                                                                                                                                                                                                                        <\/p>\n","protected":false},"excerpt":{"rendered":"<p>CALCETINES CORTOS DE ENTRENAMIENTO (3 PARES)<\/p>\n","protected":false},"featured_media":51815,"template":"","meta":[],"product_brand":[],"product_cat":[400],"product_tag":[37],"class_list":{"0":"post-37386","1":"product","2":"type-product","3":"status-publish","4":"has-post-thumbnail","6":"product_cat-accesorios_calcetines","7":"product_tag-nike","8":"pa_color-unico","9":"pa_talla-35-38","10":"thunk-woo-product-list","11":"opn-qv-enable","12":"open-woo-hover-","13":"open-single-product-tab-horizontal","14":"open-shadow-","15":"open-shadow-hover-","17":"first","18":"instock","19":"shipping-taxable","20":"purchasable","21":"product-type-variable"},"jetpack_sharing_enabled":true,"_links":{"self":[{"href":"https:\/\/www.deporteseli.com\/index.php?rest_route=\/wp\/v2\/product\/37386","targetHints":{"allow":["GET"]}}],"collection":[{"href":"https:\/\/www.deporteseli.com\/index.php?rest_route=\/wp\/v2\/product"}],"about":[{"href":"https:\/\/www.deporteseli.com\/index.php?rest_route=\/wp\/v2\/types\/product"}],"wp:featuredmedia":[{"embeddable":true,"href":"https:\/\/www.deporteseli.com\/index.php?rest_route=\/wp\/v2\/media\/51815"}],"wp:attachment":[{"href":"https:\/\/www.deporteseli.com\/index.php?rest_route=%2Fwp%2Fv2%2Fmedia&parent=37386"}],"wp:term":[{"taxonomy":"product_brand","embeddable":true,"href":"https:\/\/www.deporteseli.com\/index.php?rest_route=%2Fwp%2Fv2%2Fproduct_brand&post=37386"},{"taxonomy":"product_cat","embeddable":true,"href":"https:\/\/www.deporteseli.com\/index.php?rest_route=%2Fwp%2Fv2%2Fproduct_cat&post=37386"},{"taxonomy":"product_tag","embeddable":true,"href":"https:\/\/www.deporteseli.com\/index.php?rest_route=%2Fwp%2Fv2%2Fproduct_tag&post=37386"}],"curies":[{"name":"wp","href":"https:\/\/api.w.org\/{rel}","templated":true}]}}