{"id":37384,"date":"2026-01-27T17:42:20","date_gmt":"2026-01-27T17:42:20","guid":{"rendered":"https:\/\/www.deporteseli.com\/?product=chandal-nike-dd5860-mujer"},"modified":"2026-01-27T17:42:23","modified_gmt":"2026-01-27T17:42:23","slug":"chandal-nike-dd5860-mujer","status":"publish","type":"product","link":"https:\/\/www.deporteseli.com\/?product=chandal-nike-dd5860-mujer","title":{"rendered":"CHANDAL NIKE DD5860 MUJER"},"content":{"rendered":"<p>Look completo  Para tus d\u00edas libres y de descanso, recomendamos el Conjunto Nike Sportswear para mujeres que ofrece un dise\u00f1o c\u00f3modo, adem\u00e1s de tener un estilo casual y deportivo a la vez para que luzcas incre\u00edble.        Construcci\u00f3n del set deportivo  El conjunto es muy c\u00f3modo, ya que se compone por poli\u00e9ster para una gran durabilidad, adem\u00e1s de tener una chamarra de cierre completo que facilita un acceso a la prenda y su pantal\u00f3n aporta un ajuste a la medida con su pretina el\u00e1stica. Sus l\u00edneas blancas y logotipo le dan ese sello deportivo a las prendas.    Complementa tu atuendo con unos tenis Nike.    Estilo DD5860-011  Color Negro                                                                                                                                                                                                                                                                                                                                                                                                                                                                                                                                                                                                                                                                                                                                                                                                                                                                                                                                                                                                                                        <\/p>\n","protected":false},"excerpt":{"rendered":"<p>CHANDAL NIKE DD5860 MUJER<\/p>\n","protected":false},"featured_media":51810,"template":"","meta":[],"product_brand":[],"product_cat":[273],"product_tag":[37],"class_list":{"0":"post-37384","1":"product","2":"type-product","3":"status-publish","4":"has-post-thumbnail","6":"product_cat-mujer_textil_chandals","7":"product_tag-nike","8":"pa_color-unico","9":"pa_talla-l","10":"thunk-woo-product-list","11":"opn-qv-enable","12":"open-woo-hover-","13":"open-single-product-tab-horizontal","14":"open-shadow-","15":"open-shadow-hover-","17":"first","18":"instock","19":"shipping-taxable","20":"purchasable","21":"product-type-variable"},"jetpack_sharing_enabled":true,"_links":{"self":[{"href":"https:\/\/www.deporteseli.com\/index.php?rest_route=\/wp\/v2\/product\/37384","targetHints":{"allow":["GET"]}}],"collection":[{"href":"https:\/\/www.deporteseli.com\/index.php?rest_route=\/wp\/v2\/product"}],"about":[{"href":"https:\/\/www.deporteseli.com\/index.php?rest_route=\/wp\/v2\/types\/product"}],"wp:featuredmedia":[{"embeddable":true,"href":"https:\/\/www.deporteseli.com\/index.php?rest_route=\/wp\/v2\/media\/51810"}],"wp:attachment":[{"href":"https:\/\/www.deporteseli.com\/index.php?rest_route=%2Fwp%2Fv2%2Fmedia&parent=37384"}],"wp:term":[{"taxonomy":"product_brand","embeddable":true,"href":"https:\/\/www.deporteseli.com\/index.php?rest_route=%2Fwp%2Fv2%2Fproduct_brand&post=37384"},{"taxonomy":"product_cat","embeddable":true,"href":"https:\/\/www.deporteseli.com\/index.php?rest_route=%2Fwp%2Fv2%2Fproduct_cat&post=37384"},{"taxonomy":"product_tag","embeddable":true,"href":"https:\/\/www.deporteseli.com\/index.php?rest_route=%2Fwp%2Fv2%2Fproduct_tag&post=37384"}],"curies":[{"name":"wp","href":"https:\/\/api.w.org\/{rel}","templated":true}]}}