{"id":37382,"date":"2026-01-27T17:42:14","date_gmt":"2026-01-27T17:42:14","guid":{"rendered":"https:\/\/www.deporteseli.com\/?product=pantalon-corto-para-mujer"},"modified":"2026-01-27T17:42:18","modified_gmt":"2026-01-27T17:42:18","slug":"pantalon-corto-para-mujer","status":"publish","type":"product","link":"https:\/\/www.deporteseli.com\/?product=pantalon-corto-para-mujer","title":{"rendered":"PANTALON CORTO PARA MUJER"},"content":{"rendered":"<p>Nike Sportswear Essential Bike Pantalon corto para mujer &#8211; black\/white CZ8526-010  El pantal\u00f3n corto de ciclismo Nike Sportswear actualiza un popular estilo retro con un dise\u00f1o de altura media y una cintura el\u00e1stica ajustada. El tejido el\u00e1stico que absorbe el sudor y el logotipo del Swoosh hacen de estos pantalones cortos la opci\u00f3n perfecta para el d\u00eda a d\u00eda.        Material 61% algod\u00f3n, 33% poliester, 6% elastano                                                                                                                                                                                                                                                                                                                                                                                                                                                                                                                                                                                                                                                                                                                                                                                                                                                                                                                                                                                                                                        <\/p>\n","protected":false},"excerpt":{"rendered":"<p>PANTALON CORTO PARA MUJER<\/p>\n","protected":false},"featured_media":51807,"template":"","meta":[],"product_brand":[],"product_cat":[277],"product_tag":[37],"class_list":{"0":"post-37382","1":"product","2":"type-product","3":"status-publish","4":"has-post-thumbnail","6":"product_cat-mujer_textil_shorts","7":"product_tag-nike","8":"pa_color-unico","9":"pa_talla-xs","10":"thunk-woo-product-list","11":"opn-qv-enable","12":"open-woo-hover-","13":"open-single-product-tab-horizontal","14":"open-shadow-","15":"open-shadow-hover-","17":"first","18":"instock","19":"shipping-taxable","20":"purchasable","21":"product-type-variable"},"jetpack_sharing_enabled":true,"_links":{"self":[{"href":"https:\/\/www.deporteseli.com\/index.php?rest_route=\/wp\/v2\/product\/37382","targetHints":{"allow":["GET"]}}],"collection":[{"href":"https:\/\/www.deporteseli.com\/index.php?rest_route=\/wp\/v2\/product"}],"about":[{"href":"https:\/\/www.deporteseli.com\/index.php?rest_route=\/wp\/v2\/types\/product"}],"wp:featuredmedia":[{"embeddable":true,"href":"https:\/\/www.deporteseli.com\/index.php?rest_route=\/wp\/v2\/media\/51807"}],"wp:attachment":[{"href":"https:\/\/www.deporteseli.com\/index.php?rest_route=%2Fwp%2Fv2%2Fmedia&parent=37382"}],"wp:term":[{"taxonomy":"product_brand","embeddable":true,"href":"https:\/\/www.deporteseli.com\/index.php?rest_route=%2Fwp%2Fv2%2Fproduct_brand&post=37382"},{"taxonomy":"product_cat","embeddable":true,"href":"https:\/\/www.deporteseli.com\/index.php?rest_route=%2Fwp%2Fv2%2Fproduct_cat&post=37382"},{"taxonomy":"product_tag","embeddable":true,"href":"https:\/\/www.deporteseli.com\/index.php?rest_route=%2Fwp%2Fv2%2Fproduct_tag&post=37382"}],"curies":[{"name":"wp","href":"https:\/\/api.w.org\/{rel}","templated":true}]}}