{"id":37377,"date":"2026-01-27T17:42:02","date_gmt":"2026-01-27T17:42:02","guid":{"rendered":"https:\/\/www.deporteseli.com\/?product=camiseta-entrada-22-graphic"},"modified":"2026-01-27T17:42:08","modified_gmt":"2026-01-27T17:42:08","slug":"camiseta-entrada-22-graphic","status":"publish","type":"product","link":"https:\/\/www.deporteseli.com\/?product=camiseta-entrada-22-graphic","title":{"rendered":"CAMISETA ENTRADA 22 GRAPHIC"},"content":{"rendered":"<p>CAMISETA ENTRADA 22 GRAPHIC  LLEVA TU JUEGO AL SIGUIENTE NIVEL  Por tu equipo. Por tu planeta. Esta camiseta adidas de la colecci\u00f3n Entrada 22 actualiza el cl\u00e1sico estilo del f\u00fatbol para las nuevas promesas. Su dise\u00f1o de rayas diagonales os ofrece a tus compa\u00f1eros de equipo y a ti un look unificado en el terreno de juego. La tecnolog\u00eda transpirable AEROREADY mantiene la piel seca para que maximices tu rendimiento.    Este producto se ha fabricado con un 100% de material reciclado. Su objetivo es plantear otra soluci\u00f3n m\u00e1s que ayude a eliminar los residuos pl\u00e1sticos.  DETALLES  Corte cl\u00e1sico  Cuello de pico  Interlock 100% poli\u00e9ster reciclado  Tecnolog\u00eda transpirable AEROREADY  Color del art\u00edculo: Team Navy Blue 2 \/ Black  N\u00famero de art\u00edculo: HF0122                                                                                                                                                                                                                                                                                                                                                                                                                                                                                                                                                                                                                                                                                                                                                                                                                                                                                                                                                                                                                                        <\/p>\n","protected":false},"excerpt":{"rendered":"<p>CAMISETA ENTRADA 22 GRAPHIC<\/p>\n","protected":false},"featured_media":51804,"template":"","meta":[],"product_brand":[],"product_cat":[296],"product_tag":[18],"class_list":{"0":"post-37377","1":"product","2":"type-product","3":"status-publish","4":"has-post-thumbnail","6":"product_cat-nino_textil_camisetas","7":"product_tag-adidas","8":"pa_color-unico","9":"pa_talla-t-10","10":"pa_talla-t-12","11":"thunk-woo-product-list","12":"opn-qv-enable","13":"open-woo-hover-","14":"open-single-product-tab-horizontal","15":"open-shadow-","16":"open-shadow-hover-","18":"first","19":"instock","20":"shipping-taxable","21":"purchasable","22":"product-type-variable"},"jetpack_sharing_enabled":true,"_links":{"self":[{"href":"https:\/\/www.deporteseli.com\/index.php?rest_route=\/wp\/v2\/product\/37377","targetHints":{"allow":["GET"]}}],"collection":[{"href":"https:\/\/www.deporteseli.com\/index.php?rest_route=\/wp\/v2\/product"}],"about":[{"href":"https:\/\/www.deporteseli.com\/index.php?rest_route=\/wp\/v2\/types\/product"}],"wp:featuredmedia":[{"embeddable":true,"href":"https:\/\/www.deporteseli.com\/index.php?rest_route=\/wp\/v2\/media\/51804"}],"wp:attachment":[{"href":"https:\/\/www.deporteseli.com\/index.php?rest_route=%2Fwp%2Fv2%2Fmedia&parent=37377"}],"wp:term":[{"taxonomy":"product_brand","embeddable":true,"href":"https:\/\/www.deporteseli.com\/index.php?rest_route=%2Fwp%2Fv2%2Fproduct_brand&post=37377"},{"taxonomy":"product_cat","embeddable":true,"href":"https:\/\/www.deporteseli.com\/index.php?rest_route=%2Fwp%2Fv2%2Fproduct_cat&post=37377"},{"taxonomy":"product_tag","embeddable":true,"href":"https:\/\/www.deporteseli.com\/index.php?rest_route=%2Fwp%2Fv2%2Fproduct_tag&post=37377"}],"curies":[{"name":"wp","href":"https:\/\/api.w.org\/{rel}","templated":true}]}}